{"id":63779,"date":"2025-09-15T14:46:48","date_gmt":"2025-09-15T18:48:04","guid":{"rendered":"https:\/\/www.suzuki.ca\/?post_type=product&#038;p=63779"},"modified":"2026-03-27T15:44:18","modified_gmt":"2026-03-27T19:44:18","slug":"2026-v-strom-800de","status":"publish","type":"product","link":"https:\/\/www.suzuki.ca\/fr\/produit\/2026-v-strom-800de\/","title":{"rendered":"2026 V-Strom 800DE"},"content":{"rendered":"<h2>Sortez des sentiers battus avec la V-STROM 800DE<\/h2>\n<p>S&#8217;appuyant sur la performance r\u00e9volutionnaire et les capacit\u00e9s de conduite du V-Strom, le V-Strom 800DE combine les caract\u00e9ristiques de la moto avec la polyvalence et la fonctionnalit\u00e9 des valises lat\u00e9rales en aluminium standard et de la barre d&#8217;accessoires avant.<\/p>\n<p>La V-Strom 800DE offre un confort dans tous les sc\u00e9narios de conduite avec des performances sup\u00e9rieures sur les routes pav\u00e9es comme sur le gravier.<\/p>\n<p><strong>Caract\u00e9ristiques principales de la V-Strom 800DE :<\/strong><\/p>\n<ul>\n<li>Un tout moteur bicylindre parall\u00e8le de 776 cm\u00b3 \u00e0 double arbre \u00e0 cames en t\u00eate et 4 soupapes par cylindre<\/li>\n<li>Un cadre robuste<\/li>\n<li>Le plus grand d\u00e9battement de suspension et la plus grande garde au sol de tous les mod\u00e8les V-Strom \u00e0 ce jour<\/li>\n<li>Un guidon large et effil\u00e9 en aluminium, une roue avant de 21 pouces, une fourche avant invers\u00e9e<\/li>\n<li>Tableau de bord ACL TFT de 5 po en couleur<\/li>\n<li>S\u00e9lecteur de mode de conduite Suzuki pour une exp\u00e9rience personnalisable en fonction des capacit\u00e9s et des pr\u00e9f\u00e9rences du pilote<\/li>\n<li>Syst\u00e8me de contr\u00f4le de la traction Suzuki avec mode gravier<\/li>\n<li>Mode de d\u00e9sactivation de l\u2019ABS arri\u00e8re<\/li>\n<li>Changement de vitesse rapide bidirectionnel pour une acc\u00e9l\u00e9ration douce et sans effort<\/li>\n<\/ul>\n<p>Affrontez n\u2019importe quelle route avec assurance, du confort et une pure exaltation avec la V-Strom.<\/p>\n","protected":false},"excerpt":{"rendered":"<p>\u2026 <a class=\"blog-readmore\" href=\"https:\/\/www.suzuki.ca\/fr\/produit\/2026-v-strom-800de\/\">Continuez \u00e0 lire ><\/a><\/p>\n","protected":false},"featured_media":57795,"template":"","meta":{"_acf_changed":false,"site-sidebar-layout":"default","site-content-layout":"default","ast-site-content-layout":"default","site-content-style":"default","site-sidebar-style":"default","ast-global-header-display":"","ast-banner-title-visibility":"","ast-main-header-display":"","ast-hfb-above-header-display":"","ast-hfb-below-header-display":"","ast-hfb-mobile-header-display":"","site-post-title":"","ast-breadcrumbs-content":"","ast-featured-img":"","footer-sml-layout":"","ast-disable-related-posts":"","theme-transparent-header-meta":"default","adv-header-id-meta":"","stick-header-meta":"default","header-above-stick-meta":"","header-main-stick-meta":"","header-below-stick-meta":"","astra-migrate-meta-layouts":"set","ast-page-background-enabled":"default","ast-page-background-meta":{"desktop":{"background-color":"","background-image":"","background-repeat":"repeat","background-position":"center center","background-size":"auto","background-attachment":"scroll","background-type":"","background-media":"","overlay-type":"","overlay-color":"","overlay-opacity":"","overlay-gradient":""},"tablet":{"background-color":"","background-image":"","background-repeat":"repeat","background-position":"center center","background-size":"auto","background-attachment":"scroll","background-type":"","background-media":"","overlay-type":"","overlay-color":"","overlay-opacity":"","overlay-gradient":""},"mobile":{"background-color":"","background-image":"","background-repeat":"repeat","background-position":"center center","background-size":"auto","background-attachment":"scroll","background-type":"","background-media":"","overlay-type":"","overlay-color":"","overlay-opacity":"","overlay-gradient":""}},"ast-content-background-meta":{"desktop":{"background-color":"var(--ast-global-color-5)","background-image":"","background-repeat":"repeat","background-position":"center center","background-size":"auto","background-attachment":"scroll","background-type":"","background-media":"","overlay-type":"","overlay-color":"","overlay-opacity":"","overlay-gradient":""},"tablet":{"background-color":"var(--ast-global-color-5)","background-image":"","background-repeat":"repeat","background-position":"center center","background-size":"auto","background-attachment":"scroll","background-type":"","background-media":"","overlay-type":"","overlay-color":"","overlay-opacity":"","overlay-gradient":""},"mobile":{"background-color":"var(--ast-global-color-5)","background-image":"","background-repeat":"repeat","background-position":"center center","background-size":"auto","background-attachment":"scroll","background-type":"","background-media":"","overlay-type":"","overlay-color":"","overlay-opacity":"","overlay-gradient":""}}},"product_brand":[],"product_cat":[97,96],"product_tag":[],"class_list":{"0":"post-63779","1":"product","2":"type-product","3":"status-publish","4":"has-post-thumbnail","6":"product_cat-aventure","7":"product_cat-motos","8":"desktop-align-left","9":"tablet-align-left","10":"mobile-align-left","11":"ast-product-gallery-layout-horizontal","12":"ast-magnify-disabled","13":"ast-product-tabs-layout-horizontal","15":"first","16":"instock","17":"product-type-simple"},"acf":[],"yoast_head":"<!-- This site is optimized with the Yoast SEO plugin v27.3 - https:\/\/yoast.com\/product\/yoast-seo-wordpress\/ -->\n<title>2026 V-Strom 800DE - Suzuki Canada Inc.<\/title>\n<meta name=\"description\" content=\"The V-STROMDE is packed with distinctive features aimed specifically at enhancing its ability to more confidently negotiate gravel, country roads, green lanes and camp trails.\" \/>\n<meta name=\"robots\" content=\"index, follow, max-snippet:-1, max-image-preview:large, max-video-preview:-1\" \/>\n<link rel=\"canonical\" href=\"https:\/\/www.suzuki.ca\/fr\/produit\/2026-v-strom-800de\/\" \/>\n<meta property=\"og:locale\" content=\"fr_FR\" \/>\n<meta property=\"og:type\" content=\"article\" \/>\n<meta property=\"og:title\" content=\"2026 V-Strom 800DE - Suzuki Canada Inc.\" \/>\n<meta property=\"og:description\" content=\"The V-STROMDE is packed with distinctive features aimed specifically at enhancing its ability to more confidently negotiate gravel, country roads, green lanes and camp trails.\" \/>\n<meta property=\"og:url\" content=\"https:\/\/www.suzuki.ca\/fr\/produit\/2026-v-strom-800de\/\" \/>\n<meta property=\"og:site_name\" content=\"Suzuki Canada Inc.\" \/>\n<meta property=\"article:modified_time\" content=\"2026-03-27T19:44:18+00:00\" \/>\n<meta property=\"og:image\" content=\"https:\/\/www.suzuki.ca\/wp-content\/uploads\/DL800DERCM5_YU1_right-scaled.jpg\" \/>\n\t<meta property=\"og:image:width\" content=\"2560\" \/>\n\t<meta property=\"og:image:height\" content=\"1707\" \/>\n\t<meta property=\"og:image:type\" content=\"image\/jpeg\" \/>\n<meta name=\"twitter:card\" content=\"summary_large_image\" \/>\n<meta name=\"twitter:label1\" content=\"Est. reading time\" \/>\n\t<meta name=\"twitter:data1\" content=\"2 minutes\" \/>\n<script type=\"application\/ld+json\" class=\"yoast-schema-graph\">{\"@context\":\"https:\\\/\\\/schema.org\",\"@graph\":[{\"@type\":\"WebPage\",\"@id\":\"https:\\\/\\\/www.suzuki.ca\\\/fr\\\/produit\\\/2026-v-strom-800de\\\/\",\"url\":\"https:\\\/\\\/www.suzuki.ca\\\/fr\\\/produit\\\/2026-v-strom-800de\\\/\",\"name\":\"2026 V-Strom 800DE - Suzuki Canada Inc.\",\"isPartOf\":{\"@id\":\"https:\\\/\\\/www.suzuki.ca\\\/#website\"},\"primaryImageOfPage\":{\"@id\":\"https:\\\/\\\/www.suzuki.ca\\\/fr\\\/produit\\\/2026-v-strom-800de\\\/#primaryimage\"},\"image\":{\"@id\":\"https:\\\/\\\/www.suzuki.ca\\\/fr\\\/produit\\\/2026-v-strom-800de\\\/#primaryimage\"},\"thumbnailUrl\":\"https:\\\/\\\/www.suzuki.ca\\\/wp-content\\\/uploads\\\/DL800DERCM5_YU1_right-scaled.jpg\",\"datePublished\":\"2025-09-15T18:48:04+00:00\",\"dateModified\":\"2026-03-27T19:44:18+00:00\",\"description\":\"The V-STROMDE is packed with distinctive features aimed specifically at enhancing its ability to more confidently negotiate gravel, country roads, green lanes and camp trails.\",\"breadcrumb\":{\"@id\":\"https:\\\/\\\/www.suzuki.ca\\\/fr\\\/produit\\\/2026-v-strom-800de\\\/#breadcrumb\"},\"inLanguage\":\"fr-FR\",\"potentialAction\":[{\"@type\":\"ReadAction\",\"target\":[\"https:\\\/\\\/www.suzuki.ca\\\/fr\\\/produit\\\/2026-v-strom-800de\\\/\"]}]},{\"@type\":\"ImageObject\",\"inLanguage\":\"fr-FR\",\"@id\":\"https:\\\/\\\/www.suzuki.ca\\\/fr\\\/produit\\\/2026-v-strom-800de\\\/#primaryimage\",\"url\":\"https:\\\/\\\/www.suzuki.ca\\\/wp-content\\\/uploads\\\/DL800DERCM5_YU1_right-scaled.jpg\",\"contentUrl\":\"https:\\\/\\\/www.suzuki.ca\\\/wp-content\\\/uploads\\\/DL800DERCM5_YU1_right-scaled.jpg\",\"width\":2560,\"height\":1707,\"caption\":\"Champion Yellow No. 2 (YU1)\"},{\"@type\":\"BreadcrumbList\",\"@id\":\"https:\\\/\\\/www.suzuki.ca\\\/fr\\\/produit\\\/2026-v-strom-800de\\\/#breadcrumb\",\"itemListElement\":[{\"@type\":\"ListItem\",\"position\":1,\"name\":\"Accueil\",\"item\":\"https:\\\/\\\/www.suzuki.ca\\\/fr\\\/\"},{\"@type\":\"ListItem\",\"position\":2,\"name\":\"Products\",\"item\":\"https:\\\/\\\/www.suzuki.ca\\\/shop\\\/\"},{\"@type\":\"ListItem\",\"position\":3,\"name\":\"2026 V-Strom 800DE\"}]},{\"@type\":\"WebSite\",\"@id\":\"https:\\\/\\\/www.suzuki.ca\\\/#website\",\"url\":\"https:\\\/\\\/www.suzuki.ca\\\/\",\"name\":\"Suzuki Canada Inc.\",\"description\":\"The Official Home of Suzuki Canada Motorcycle, ATV, and Marine models and accessories.\",\"publisher\":{\"@id\":\"https:\\\/\\\/www.suzuki.ca\\\/#organization\"},\"potentialAction\":[{\"@type\":\"SearchAction\",\"target\":{\"@type\":\"EntryPoint\",\"urlTemplate\":\"https:\\\/\\\/www.suzuki.ca\\\/?s={search_term_string}\"},\"query-input\":{\"@type\":\"PropertyValueSpecification\",\"valueRequired\":true,\"valueName\":\"search_term_string\"}}],\"inLanguage\":\"fr-FR\"},{\"@type\":\"Organization\",\"@id\":\"https:\\\/\\\/www.suzuki.ca\\\/#organization\",\"name\":\"Suzuki Canada Inc.\",\"url\":\"https:\\\/\\\/www.suzuki.ca\\\/\",\"logo\":{\"@type\":\"ImageObject\",\"inLanguage\":\"fr-FR\",\"@id\":\"https:\\\/\\\/www.suzuki.ca\\\/#\\\/schema\\\/logo\\\/image\\\/\",\"url\":\"https:\\\/\\\/www.suzuki.ca\\\/wp-content\\\/uploads\\\/Suzuki_Logo_Parallelogram.svg\",\"contentUrl\":\"https:\\\/\\\/www.suzuki.ca\\\/wp-content\\\/uploads\\\/Suzuki_Logo_Parallelogram.svg\",\"caption\":\"Suzuki Canada Inc.\"},\"image\":{\"@id\":\"https:\\\/\\\/www.suzuki.ca\\\/#\\\/schema\\\/logo\\\/image\\\/\"}}]}<\/script>\n<!-- \/ Yoast SEO plugin. -->","yoast_head_json":{"title":"2026 V-Strom 800DE - Suzuki Canada Inc.","description":"The V-STROMDE is packed with distinctive features aimed specifically at enhancing its ability to more confidently negotiate gravel, country roads, green lanes and camp trails.","robots":{"index":"index","follow":"follow","max-snippet":"max-snippet:-1","max-image-preview":"max-image-preview:large","max-video-preview":"max-video-preview:-1"},"canonical":"https:\/\/www.suzuki.ca\/fr\/produit\/2026-v-strom-800de\/","og_locale":"fr_FR","og_type":"article","og_title":"2026 V-Strom 800DE - Suzuki Canada Inc.","og_description":"The V-STROMDE is packed with distinctive features aimed specifically at enhancing its ability to more confidently negotiate gravel, country roads, green lanes and camp trails.","og_url":"https:\/\/www.suzuki.ca\/fr\/produit\/2026-v-strom-800de\/","og_site_name":"Suzuki Canada Inc.","article_modified_time":"2026-03-27T19:44:18+00:00","og_image":[{"width":2560,"height":1707,"url":"https:\/\/www.suzuki.ca\/wp-content\/uploads\/DL800DERCM5_YU1_right-scaled.jpg","type":"image\/jpeg"}],"twitter_card":"summary_large_image","twitter_misc":{"Est. reading time":"2 minutes"},"schema":{"@context":"https:\/\/schema.org","@graph":[{"@type":"WebPage","@id":"https:\/\/www.suzuki.ca\/fr\/produit\/2026-v-strom-800de\/","url":"https:\/\/www.suzuki.ca\/fr\/produit\/2026-v-strom-800de\/","name":"2026 V-Strom 800DE - Suzuki Canada Inc.","isPartOf":{"@id":"https:\/\/www.suzuki.ca\/#website"},"primaryImageOfPage":{"@id":"https:\/\/www.suzuki.ca\/fr\/produit\/2026-v-strom-800de\/#primaryimage"},"image":{"@id":"https:\/\/www.suzuki.ca\/fr\/produit\/2026-v-strom-800de\/#primaryimage"},"thumbnailUrl":"https:\/\/www.suzuki.ca\/wp-content\/uploads\/DL800DERCM5_YU1_right-scaled.jpg","datePublished":"2025-09-15T18:48:04+00:00","dateModified":"2026-03-27T19:44:18+00:00","description":"The V-STROMDE is packed with distinctive features aimed specifically at enhancing its ability to more confidently negotiate gravel, country roads, green lanes and camp trails.","breadcrumb":{"@id":"https:\/\/www.suzuki.ca\/fr\/produit\/2026-v-strom-800de\/#breadcrumb"},"inLanguage":"fr-FR","potentialAction":[{"@type":"ReadAction","target":["https:\/\/www.suzuki.ca\/fr\/produit\/2026-v-strom-800de\/"]}]},{"@type":"ImageObject","inLanguage":"fr-FR","@id":"https:\/\/www.suzuki.ca\/fr\/produit\/2026-v-strom-800de\/#primaryimage","url":"https:\/\/www.suzuki.ca\/wp-content\/uploads\/DL800DERCM5_YU1_right-scaled.jpg","contentUrl":"https:\/\/www.suzuki.ca\/wp-content\/uploads\/DL800DERCM5_YU1_right-scaled.jpg","width":2560,"height":1707,"caption":"Champion Yellow No. 2 (YU1)"},{"@type":"BreadcrumbList","@id":"https:\/\/www.suzuki.ca\/fr\/produit\/2026-v-strom-800de\/#breadcrumb","itemListElement":[{"@type":"ListItem","position":1,"name":"Accueil","item":"https:\/\/www.suzuki.ca\/fr\/"},{"@type":"ListItem","position":2,"name":"Products","item":"https:\/\/www.suzuki.ca\/shop\/"},{"@type":"ListItem","position":3,"name":"2026 V-Strom 800DE"}]},{"@type":"WebSite","@id":"https:\/\/www.suzuki.ca\/#website","url":"https:\/\/www.suzuki.ca\/","name":"Suzuki Canada Inc.","description":"The Official Home of Suzuki Canada Motorcycle, ATV, and Marine models and accessories.","publisher":{"@id":"https:\/\/www.suzuki.ca\/#organization"},"potentialAction":[{"@type":"SearchAction","target":{"@type":"EntryPoint","urlTemplate":"https:\/\/www.suzuki.ca\/?s={search_term_string}"},"query-input":{"@type":"PropertyValueSpecification","valueRequired":true,"valueName":"search_term_string"}}],"inLanguage":"fr-FR"},{"@type":"Organization","@id":"https:\/\/www.suzuki.ca\/#organization","name":"Suzuki Canada Inc.","url":"https:\/\/www.suzuki.ca\/","logo":{"@type":"ImageObject","inLanguage":"fr-FR","@id":"https:\/\/www.suzuki.ca\/#\/schema\/logo\/image\/","url":"https:\/\/www.suzuki.ca\/wp-content\/uploads\/Suzuki_Logo_Parallelogram.svg","contentUrl":"https:\/\/www.suzuki.ca\/wp-content\/uploads\/Suzuki_Logo_Parallelogram.svg","caption":"Suzuki Canada Inc."},"image":{"@id":"https:\/\/www.suzuki.ca\/#\/schema\/logo\/image\/"}}]}},"_links":{"self":[{"href":"https:\/\/www.suzuki.ca\/fr\/wp-json\/wp\/v2\/product\/63779","targetHints":{"allow":["GET"]}}],"collection":[{"href":"https:\/\/www.suzuki.ca\/fr\/wp-json\/wp\/v2\/product"}],"about":[{"href":"https:\/\/www.suzuki.ca\/fr\/wp-json\/wp\/v2\/types\/product"}],"wp:featuredmedia":[{"embeddable":true,"href":"https:\/\/www.suzuki.ca\/fr\/wp-json\/wp\/v2\/media\/57795"}],"wp:attachment":[{"href":"https:\/\/www.suzuki.ca\/fr\/wp-json\/wp\/v2\/media?parent=63779"}],"wp:term":[{"taxonomy":"product_brand","embeddable":true,"href":"https:\/\/www.suzuki.ca\/fr\/wp-json\/wp\/v2\/product_brand?post=63779"},{"taxonomy":"product_cat","embeddable":true,"href":"https:\/\/www.suzuki.ca\/fr\/wp-json\/wp\/v2\/product_cat?post=63779"},{"taxonomy":"product_tag","embeddable":true,"href":"https:\/\/www.suzuki.ca\/fr\/wp-json\/wp\/v2\/product_tag?post=63779"}],"curies":[{"name":"wp","href":"https:\/\/api.w.org\/{rel}","templated":true}]}}