{"id":63889,"date":"2025-09-23T16:00:49","date_gmt":"2025-09-23T20:00:49","guid":{"rendered":"https:\/\/www.suzuki.ca\/?post_type=product&#038;p=63889"},"modified":"2026-03-30T15:41:53","modified_gmt":"2026-03-30T19:41:53","slug":"2026-kingquad-750xpz","status":"publish","type":"product","link":"https:\/\/www.suzuki.ca\/fr\/produit\/2026-kingquad-750xpz\/","title":{"rendered":"2026 KingQuad 750XPZ"},"content":{"rendered":"<p><img loading=\"lazy\" decoding=\"async\" class=\"alignnone wp-image-38898 pb-2\" src=\"https:\/\/www.suzuki.ca\/wp-content\/uploads\/LT-A750X_XP_XPZM2_logo-1000x256.jpg\" alt=\"L9-KINGQUAD_750AXi_logo\" width=\"246\" height=\"63\" srcset=\"https:\/\/www.suzuki.ca\/wp-content\/uploads\/LT-A750X_XP_XPZM2_logo-1000x256.jpg 1000w, https:\/\/www.suzuki.ca\/wp-content\/uploads\/LT-A750X_XP_XPZM2_logo-1500x384.jpg 1500w, https:\/\/www.suzuki.ca\/wp-content\/uploads\/LT-A750X_XP_XPZM2_logo-768x196.jpg 768w, https:\/\/www.suzuki.ca\/wp-content\/uploads\/LT-A750X_XP_XPZM2_logo-1536x393.jpg 1536w, https:\/\/www.suzuki.ca\/wp-content\/uploads\/LT-A750X_XP_XPZM2_logo-2048x524.jpg 2048w\" sizes=\"auto, (max-width: 246px) 100vw, 246px\" \/><br \/>\n<img loading=\"lazy\" decoding=\"async\" class=\"alignnone wp-image-38900\" src=\"https:\/\/www.suzuki.ca\/wp-content\/uploads\/LT-A750X_XP_XPZM2_LT-A500X_XP_XPZM2_power_steering_logo-1000x193.jpg\" alt=\"L9-power steering_logo\" width=\"238\" height=\"46\" srcset=\"https:\/\/www.suzuki.ca\/wp-content\/uploads\/LT-A750X_XP_XPZM2_LT-A500X_XP_XPZM2_power_steering_logo-1000x193.jpg 1000w, https:\/\/www.suzuki.ca\/wp-content\/uploads\/LT-A750X_XP_XPZM2_LT-A500X_XP_XPZM2_power_steering_logo-768x148.jpg 768w, https:\/\/www.suzuki.ca\/wp-content\/uploads\/LT-A750X_XP_XPZM2_LT-A500X_XP_XPZM2_power_steering_logo.jpg 1362w\" sizes=\"auto, (max-width: 238px) 100vw, 238px\" \/><\/p>\n<h2>NOTRE KINGQUAD LE PLUS PUISSANT AVEC DIRECTION ASSIST\u00c9E, ROUE EN ALLIAGE L\u00c9GER ET COUVERCLES DE PORTE-BAGAGES<\/h2>\n<p>Le KingQuad 750XPZ avec direction assist\u00e9e n\u2019est pas qu\u2019un nouveau VTT, c\u2019est un VTT KingQuad.<\/p>\n<p>Suzuki, l\u2019inventeur du VTT \u00e0 4 roues, a cr\u00e9\u00e9 le meilleur v\u00e9hicule utilitaire sport au monde avec un style audacieux, et plus de capacit\u00e9s et de fiabilit\u00e9 que jamais. Un chapitre nouveau et passionnant s\u2019ajoute \u00e0 l\u2019h\u00e9ritage de l\u2019embl\u00e9matique KingQuad, et vous pouvez le vivre d\u00e8s maintenant. Le KingQuad 750XPZ avec direction assist\u00e9e est facile \u00e0 piloter sur tous les terrains gr\u00e2ce aux capacit\u00e9s qu\u2019un KingQuad poss\u00e8de.<\/p>\n<p>Le KingQuad offre un couple impressionnant et une plage de puissance incroyablement large pour vous aider \u00e0 accomplir toutes les t\u00e2ches et tous les d\u00e9fis qui se pr\u00e9sentent \u00e0 vous.<\/p>\n","protected":false},"excerpt":{"rendered":"<p>\u2026 <a class=\"blog-readmore\" href=\"https:\/\/www.suzuki.ca\/fr\/produit\/2026-kingquad-750xpz\/\">Continuez \u00e0 lire ><\/a><\/p>\n","protected":false},"featured_media":52592,"template":"","meta":{"_acf_changed":false,"site-sidebar-layout":"no-sidebar","site-content-layout":"default","ast-site-content-layout":"default","site-content-style":"default","site-sidebar-style":"default","ast-global-header-display":"","ast-banner-title-visibility":"","ast-main-header-display":"","ast-hfb-above-header-display":"","ast-hfb-below-header-display":"","ast-hfb-mobile-header-display":"","site-post-title":"","ast-breadcrumbs-content":"","ast-featured-img":"","footer-sml-layout":"","ast-disable-related-posts":"","theme-transparent-header-meta":"default","adv-header-id-meta":"","stick-header-meta":"default","header-above-stick-meta":"","header-main-stick-meta":"","header-below-stick-meta":"","astra-migrate-meta-layouts":"set","ast-page-background-enabled":"default","ast-page-background-meta":{"desktop":{"background-color":"","background-image":"","background-repeat":"repeat","background-position":"center center","background-size":"auto","background-attachment":"scroll","background-type":"","background-media":"","overlay-type":"","overlay-color":"","overlay-opacity":"","overlay-gradient":""},"tablet":{"background-color":"","background-image":"","background-repeat":"repeat","background-position":"center center","background-size":"auto","background-attachment":"scroll","background-type":"","background-media":"","overlay-type":"","overlay-color":"","overlay-opacity":"","overlay-gradient":""},"mobile":{"background-color":"","background-image":"","background-repeat":"repeat","background-position":"center center","background-size":"auto","background-attachment":"scroll","background-type":"","background-media":"","overlay-type":"","overlay-color":"","overlay-opacity":"","overlay-gradient":""}},"ast-content-background-meta":{"desktop":{"background-color":"var(--ast-global-color-5)","background-image":"","background-repeat":"repeat","background-position":"center center","background-size":"auto","background-attachment":"scroll","background-type":"","background-media":"","overlay-type":"","overlay-color":"","overlay-opacity":"","overlay-gradient":""},"tablet":{"background-color":"var(--ast-global-color-5)","background-image":"","background-repeat":"repeat","background-position":"center center","background-size":"auto","background-attachment":"scroll","background-type":"","background-media":"","overlay-type":"","overlay-color":"","overlay-opacity":"","overlay-gradient":""},"mobile":{"background-color":"var(--ast-global-color-5)","background-image":"","background-repeat":"repeat","background-position":"center center","background-size":"auto","background-attachment":"scroll","background-type":"","background-media":"","overlay-type":"","overlay-color":"","overlay-opacity":"","overlay-gradient":""}}},"product_brand":[],"product_cat":[95,4064,93],"product_tag":[],"class_list":{"0":"post-63889","1":"product","2":"type-product","3":"status-publish","4":"has-post-thumbnail","6":"product_cat-utilitaires","7":"product_cat-serie-750","8":"product_cat-vtt","9":"desktop-align-left","10":"tablet-align-left","11":"mobile-align-left","12":"ast-product-gallery-layout-horizontal","13":"ast-magnify-disabled","14":"ast-product-tabs-layout-horizontal","16":"first","17":"instock","18":"taxable","19":"shipping-taxable","20":"product-type-simple"},"acf":[],"yoast_head":"<!-- This site is optimized with the Yoast SEO plugin v27.3 - https:\/\/yoast.com\/product\/yoast-seo-wordpress\/ -->\n<title>2026 KingQuad 750XPZ - Suzuki Canada Inc.<\/title>\n<meta name=\"description\" content=\"The KingQuad 750XPZ from Suzuki Canada continues the legacy of an icon. Learn more.\" \/>\n<meta name=\"robots\" content=\"index, follow, max-snippet:-1, max-image-preview:large, max-video-preview:-1\" \/>\n<link rel=\"canonical\" href=\"https:\/\/www.suzuki.ca\/fr\/produit\/2026-kingquad-750xpz\/\" \/>\n<meta property=\"og:locale\" content=\"fr_FR\" \/>\n<meta property=\"og:type\" content=\"article\" \/>\n<meta property=\"og:title\" content=\"2026 KingQuad 750XPZ - Suzuki Canada Inc.\" \/>\n<meta property=\"og:description\" content=\"The KingQuad 750XPZ from Suzuki Canada continues the legacy of an icon. Learn more.\" \/>\n<meta property=\"og:url\" content=\"https:\/\/www.suzuki.ca\/fr\/produit\/2026-kingquad-750xpz\/\" \/>\n<meta property=\"og:site_name\" content=\"Suzuki Canada Inc.\" \/>\n<meta property=\"article:modified_time\" content=\"2026-03-30T19:41:53+00:00\" \/>\n<meta property=\"og:image\" content=\"https:\/\/www.suzuki.ca\/wp-content\/uploads\/LT-A750XPZM4_Q1L_Diagonal.png\" \/>\n\t<meta property=\"og:image:width\" content=\"1080\" \/>\n\t<meta property=\"og:image:height\" content=\"702\" \/>\n\t<meta property=\"og:image:type\" content=\"image\/png\" \/>\n<meta name=\"twitter:card\" content=\"summary_large_image\" \/>\n<meta name=\"twitter:label1\" content=\"Est. reading time\" \/>\n\t<meta name=\"twitter:data1\" content=\"2 minutes\" \/>\n<script type=\"application\/ld+json\" class=\"yoast-schema-graph\">{\"@context\":\"https:\\\/\\\/schema.org\",\"@graph\":[{\"@type\":\"WebPage\",\"@id\":\"https:\\\/\\\/www.suzuki.ca\\\/fr\\\/produit\\\/2026-kingquad-750xpz\\\/\",\"url\":\"https:\\\/\\\/www.suzuki.ca\\\/fr\\\/produit\\\/2026-kingquad-750xpz\\\/\",\"name\":\"2026 KingQuad 750XPZ - Suzuki Canada Inc.\",\"isPartOf\":{\"@id\":\"https:\\\/\\\/www.suzuki.ca\\\/#website\"},\"primaryImageOfPage\":{\"@id\":\"https:\\\/\\\/www.suzuki.ca\\\/fr\\\/produit\\\/2026-kingquad-750xpz\\\/#primaryimage\"},\"image\":{\"@id\":\"https:\\\/\\\/www.suzuki.ca\\\/fr\\\/produit\\\/2026-kingquad-750xpz\\\/#primaryimage\"},\"thumbnailUrl\":\"https:\\\/\\\/www.suzuki.ca\\\/wp-content\\\/uploads\\\/LT-A750XPZM4_Q1L_Diagonal.png\",\"datePublished\":\"2025-09-23T20:00:49+00:00\",\"dateModified\":\"2026-03-30T19:41:53+00:00\",\"description\":\"The KingQuad 750XPZ from Suzuki Canada continues the legacy of an icon. Learn more.\",\"breadcrumb\":{\"@id\":\"https:\\\/\\\/www.suzuki.ca\\\/fr\\\/produit\\\/2026-kingquad-750xpz\\\/#breadcrumb\"},\"inLanguage\":\"fr-FR\",\"potentialAction\":[{\"@type\":\"ReadAction\",\"target\":[\"https:\\\/\\\/www.suzuki.ca\\\/fr\\\/produit\\\/2026-kingquad-750xpz\\\/\"]}]},{\"@type\":\"ImageObject\",\"inLanguage\":\"fr-FR\",\"@id\":\"https:\\\/\\\/www.suzuki.ca\\\/fr\\\/produit\\\/2026-kingquad-750xpz\\\/#primaryimage\",\"url\":\"https:\\\/\\\/www.suzuki.ca\\\/wp-content\\\/uploads\\\/LT-A750XPZM4_Q1L_Diagonal.png\",\"contentUrl\":\"https:\\\/\\\/www.suzuki.ca\\\/wp-content\\\/uploads\\\/LT-A750XPZM4_Q1L_Diagonal.png\",\"width\":1080,\"height\":702,\"caption\":\"Armoured Blue Grey (Q1L)\"},{\"@type\":\"BreadcrumbList\",\"@id\":\"https:\\\/\\\/www.suzuki.ca\\\/fr\\\/produit\\\/2026-kingquad-750xpz\\\/#breadcrumb\",\"itemListElement\":[{\"@type\":\"ListItem\",\"position\":1,\"name\":\"Accueil\",\"item\":\"https:\\\/\\\/www.suzuki.ca\\\/fr\\\/\"},{\"@type\":\"ListItem\",\"position\":2,\"name\":\"Products\",\"item\":\"https:\\\/\\\/www.suzuki.ca\\\/shop\\\/\"},{\"@type\":\"ListItem\",\"position\":3,\"name\":\"2026 KingQuad 750XPZ\"}]},{\"@type\":\"WebSite\",\"@id\":\"https:\\\/\\\/www.suzuki.ca\\\/#website\",\"url\":\"https:\\\/\\\/www.suzuki.ca\\\/\",\"name\":\"Suzuki Canada Inc.\",\"description\":\"The Official Home of Suzuki Canada Motorcycle, ATV, and Marine models and accessories.\",\"publisher\":{\"@id\":\"https:\\\/\\\/www.suzuki.ca\\\/#organization\"},\"potentialAction\":[{\"@type\":\"SearchAction\",\"target\":{\"@type\":\"EntryPoint\",\"urlTemplate\":\"https:\\\/\\\/www.suzuki.ca\\\/?s={search_term_string}\"},\"query-input\":{\"@type\":\"PropertyValueSpecification\",\"valueRequired\":true,\"valueName\":\"search_term_string\"}}],\"inLanguage\":\"fr-FR\"},{\"@type\":\"Organization\",\"@id\":\"https:\\\/\\\/www.suzuki.ca\\\/#organization\",\"name\":\"Suzuki Canada Inc.\",\"url\":\"https:\\\/\\\/www.suzuki.ca\\\/\",\"logo\":{\"@type\":\"ImageObject\",\"inLanguage\":\"fr-FR\",\"@id\":\"https:\\\/\\\/www.suzuki.ca\\\/#\\\/schema\\\/logo\\\/image\\\/\",\"url\":\"https:\\\/\\\/www.suzuki.ca\\\/wp-content\\\/uploads\\\/Suzuki_Logo_Parallelogram.svg\",\"contentUrl\":\"https:\\\/\\\/www.suzuki.ca\\\/wp-content\\\/uploads\\\/Suzuki_Logo_Parallelogram.svg\",\"caption\":\"Suzuki Canada Inc.\"},\"image\":{\"@id\":\"https:\\\/\\\/www.suzuki.ca\\\/#\\\/schema\\\/logo\\\/image\\\/\"}}]}<\/script>\n<!-- \/ Yoast SEO plugin. -->","yoast_head_json":{"title":"2026 KingQuad 750XPZ - Suzuki Canada Inc.","description":"The KingQuad 750XPZ from Suzuki Canada continues the legacy of an icon. Learn more.","robots":{"index":"index","follow":"follow","max-snippet":"max-snippet:-1","max-image-preview":"max-image-preview:large","max-video-preview":"max-video-preview:-1"},"canonical":"https:\/\/www.suzuki.ca\/fr\/produit\/2026-kingquad-750xpz\/","og_locale":"fr_FR","og_type":"article","og_title":"2026 KingQuad 750XPZ - Suzuki Canada Inc.","og_description":"The KingQuad 750XPZ from Suzuki Canada continues the legacy of an icon. Learn more.","og_url":"https:\/\/www.suzuki.ca\/fr\/produit\/2026-kingquad-750xpz\/","og_site_name":"Suzuki Canada Inc.","article_modified_time":"2026-03-30T19:41:53+00:00","og_image":[{"width":1080,"height":702,"url":"https:\/\/www.suzuki.ca\/wp-content\/uploads\/LT-A750XPZM4_Q1L_Diagonal.png","type":"image\/png"}],"twitter_card":"summary_large_image","twitter_misc":{"Est. reading time":"2 minutes"},"schema":{"@context":"https:\/\/schema.org","@graph":[{"@type":"WebPage","@id":"https:\/\/www.suzuki.ca\/fr\/produit\/2026-kingquad-750xpz\/","url":"https:\/\/www.suzuki.ca\/fr\/produit\/2026-kingquad-750xpz\/","name":"2026 KingQuad 750XPZ - Suzuki Canada Inc.","isPartOf":{"@id":"https:\/\/www.suzuki.ca\/#website"},"primaryImageOfPage":{"@id":"https:\/\/www.suzuki.ca\/fr\/produit\/2026-kingquad-750xpz\/#primaryimage"},"image":{"@id":"https:\/\/www.suzuki.ca\/fr\/produit\/2026-kingquad-750xpz\/#primaryimage"},"thumbnailUrl":"https:\/\/www.suzuki.ca\/wp-content\/uploads\/LT-A750XPZM4_Q1L_Diagonal.png","datePublished":"2025-09-23T20:00:49+00:00","dateModified":"2026-03-30T19:41:53+00:00","description":"The KingQuad 750XPZ from Suzuki Canada continues the legacy of an icon. Learn more.","breadcrumb":{"@id":"https:\/\/www.suzuki.ca\/fr\/produit\/2026-kingquad-750xpz\/#breadcrumb"},"inLanguage":"fr-FR","potentialAction":[{"@type":"ReadAction","target":["https:\/\/www.suzuki.ca\/fr\/produit\/2026-kingquad-750xpz\/"]}]},{"@type":"ImageObject","inLanguage":"fr-FR","@id":"https:\/\/www.suzuki.ca\/fr\/produit\/2026-kingquad-750xpz\/#primaryimage","url":"https:\/\/www.suzuki.ca\/wp-content\/uploads\/LT-A750XPZM4_Q1L_Diagonal.png","contentUrl":"https:\/\/www.suzuki.ca\/wp-content\/uploads\/LT-A750XPZM4_Q1L_Diagonal.png","width":1080,"height":702,"caption":"Armoured Blue Grey (Q1L)"},{"@type":"BreadcrumbList","@id":"https:\/\/www.suzuki.ca\/fr\/produit\/2026-kingquad-750xpz\/#breadcrumb","itemListElement":[{"@type":"ListItem","position":1,"name":"Accueil","item":"https:\/\/www.suzuki.ca\/fr\/"},{"@type":"ListItem","position":2,"name":"Products","item":"https:\/\/www.suzuki.ca\/shop\/"},{"@type":"ListItem","position":3,"name":"2026 KingQuad 750XPZ"}]},{"@type":"WebSite","@id":"https:\/\/www.suzuki.ca\/#website","url":"https:\/\/www.suzuki.ca\/","name":"Suzuki Canada Inc.","description":"The Official Home of Suzuki Canada Motorcycle, ATV, and Marine models and accessories.","publisher":{"@id":"https:\/\/www.suzuki.ca\/#organization"},"potentialAction":[{"@type":"SearchAction","target":{"@type":"EntryPoint","urlTemplate":"https:\/\/www.suzuki.ca\/?s={search_term_string}"},"query-input":{"@type":"PropertyValueSpecification","valueRequired":true,"valueName":"search_term_string"}}],"inLanguage":"fr-FR"},{"@type":"Organization","@id":"https:\/\/www.suzuki.ca\/#organization","name":"Suzuki Canada Inc.","url":"https:\/\/www.suzuki.ca\/","logo":{"@type":"ImageObject","inLanguage":"fr-FR","@id":"https:\/\/www.suzuki.ca\/#\/schema\/logo\/image\/","url":"https:\/\/www.suzuki.ca\/wp-content\/uploads\/Suzuki_Logo_Parallelogram.svg","contentUrl":"https:\/\/www.suzuki.ca\/wp-content\/uploads\/Suzuki_Logo_Parallelogram.svg","caption":"Suzuki Canada Inc."},"image":{"@id":"https:\/\/www.suzuki.ca\/#\/schema\/logo\/image\/"}}]}},"_links":{"self":[{"href":"https:\/\/www.suzuki.ca\/fr\/wp-json\/wp\/v2\/product\/63889","targetHints":{"allow":["GET"]}}],"collection":[{"href":"https:\/\/www.suzuki.ca\/fr\/wp-json\/wp\/v2\/product"}],"about":[{"href":"https:\/\/www.suzuki.ca\/fr\/wp-json\/wp\/v2\/types\/product"}],"wp:featuredmedia":[{"embeddable":true,"href":"https:\/\/www.suzuki.ca\/fr\/wp-json\/wp\/v2\/media\/52592"}],"wp:attachment":[{"href":"https:\/\/www.suzuki.ca\/fr\/wp-json\/wp\/v2\/media?parent=63889"}],"wp:term":[{"taxonomy":"product_brand","embeddable":true,"href":"https:\/\/www.suzuki.ca\/fr\/wp-json\/wp\/v2\/product_brand?post=63889"},{"taxonomy":"product_cat","embeddable":true,"href":"https:\/\/www.suzuki.ca\/fr\/wp-json\/wp\/v2\/product_cat?post=63889"},{"taxonomy":"product_tag","embeddable":true,"href":"https:\/\/www.suzuki.ca\/fr\/wp-json\/wp\/v2\/product_tag?post=63889"}],"curies":[{"name":"wp","href":"https:\/\/api.w.org\/{rel}","templated":true}]}}