{"id":63951,"date":"2025-09-25T14:42:56","date_gmt":"2025-09-25T18:42:57","guid":{"rendered":"https:\/\/www.suzuki.ca\/?post_type=product&#038;p=63951"},"modified":"2026-04-01T12:29:25","modified_gmt":"2026-04-01T16:29:25","slug":"housse-de-protection-contre-les-intemperies-pour-moteur-df115a-140bg-df200-250","status":"publish","type":"product","link":"https:\/\/www.suzuki.ca\/fr\/produit\/housse-de-protection-contre-les-intemperies-pour-moteur-df115a-140bg-df200-250\/","title":{"rendered":"Housse de protection contre les intemp\u00e9ries pour moteur DF115A-140BG\/DF200-250"},"content":{"rendered":"<p data-start=\"0\" data-end=\"301\">Prot\u00e9gez votre moteur hors-bord Suzuki lorsqu\u2019il n\u2019est pas utilis\u00e9 avec cette housse de protection durable. Fabriqu\u00e9e dans un mat\u00e9riau robuste de type b\u00e2che, de couleur blanche avec le logo Suzuki bleu bien visible, cette housse prot\u00e8ge votre moteur de la poussi\u00e8re, de la salet\u00e9 et des intemp\u00e9ries.<\/p>\n<p data-start=\"303\" data-end=\"502\">Con\u00e7ue pour le stockage et la protection, elle ne doit pas \u00eatre utilis\u00e9e moteur en marche. Une fa\u00e7on simple et efficace de prolonger la dur\u00e9e de vie et l\u2019apparence de votre moteur hors-bord Suzuki.<\/p>\n<p data-start=\"504\" data-end=\"611\" data-is-last-node=\"\" data-is-only-node=\"\"><strong data-start=\"504\" data-end=\"523\">Compatibilit\u00e9 :<\/strong><br data-start=\"523\" data-end=\"526\" \/>DF115A: 2013 &#8211; 2021<br \/>\nDF115B\/BG: 2022 &#8211; 2026<br \/>\nDF140A: 2013 &#8211; 2021<br \/>\nDF140B\/BG: 2022 &#8211; 2026<br \/>\nDF200: 2004 &#8211; 2014<br \/>\nDF225: 2004 &#8211; 2026<br \/>\nDF250: 2004 &#8211; 2026<\/p>\n","protected":false},"excerpt":{"rendered":"<p>\u2026 <a class=\"blog-readmore\" href=\"https:\/\/www.suzuki.ca\/fr\/produit\/housse-de-protection-contre-les-intemperies-pour-moteur-df115a-140bg-df200-250\/\">Continuez \u00e0 lire ><\/a><\/p>\n","protected":false},"featured_media":63945,"template":"","meta":{"_acf_changed":false,"site-sidebar-layout":"default","site-content-layout":"default","ast-site-content-layout":"default","site-content-style":"default","site-sidebar-style":"default","ast-global-header-display":"","ast-banner-title-visibility":"","ast-main-header-display":"","ast-hfb-above-header-display":"","ast-hfb-below-header-display":"","ast-hfb-mobile-header-display":"","site-post-title":"","ast-breadcrumbs-content":"","ast-featured-img":"","footer-sml-layout":"","ast-disable-related-posts":"","theme-transparent-header-meta":"default","adv-header-id-meta":"","stick-header-meta":"default","header-above-stick-meta":"","header-main-stick-meta":"","header-below-stick-meta":"","astra-migrate-meta-layouts":"set","ast-page-background-enabled":"default","ast-page-background-meta":{"desktop":{"background-color":"","background-image":"","background-repeat":"repeat","background-position":"center center","background-size":"auto","background-attachment":"scroll","background-type":"","background-media":"","overlay-type":"","overlay-color":"","overlay-opacity":"","overlay-gradient":""},"tablet":{"background-color":"","background-image":"","background-repeat":"repeat","background-position":"center center","background-size":"auto","background-attachment":"scroll","background-type":"","background-media":"","overlay-type":"","overlay-color":"","overlay-opacity":"","overlay-gradient":""},"mobile":{"background-color":"","background-image":"","background-repeat":"repeat","background-position":"center center","background-size":"auto","background-attachment":"scroll","background-type":"","background-media":"","overlay-type":"","overlay-color":"","overlay-opacity":"","overlay-gradient":""}},"ast-content-background-meta":{"desktop":{"background-color":"var(--ast-global-color-5)","background-image":"","background-repeat":"repeat","background-position":"center center","background-size":"auto","background-attachment":"scroll","background-type":"","background-media":"","overlay-type":"","overlay-color":"","overlay-opacity":"","overlay-gradient":""},"tablet":{"background-color":"var(--ast-global-color-5)","background-image":"","background-repeat":"repeat","background-position":"center center","background-size":"auto","background-attachment":"scroll","background-type":"","background-media":"","overlay-type":"","overlay-color":"","overlay-opacity":"","overlay-gradient":""},"mobile":{"background-color":"var(--ast-global-color-5)","background-image":"","background-repeat":"repeat","background-position":"center center","background-size":"auto","background-attachment":"scroll","background-type":"","background-media":"","overlay-type":"","overlay-color":"","overlay-opacity":"","overlay-gradient":""}}},"product_brand":[],"product_cat":[2214,2213],"product_tag":[],"class_list":{"0":"post-63951","1":"product","2":"type-product","3":"status-publish","4":"has-post-thumbnail","6":"product_cat-accessoires-marine","7":"product_cat-magasin-de-marine","8":"pa_item-type-couverts","9":"pa_marine-model-df115a-fr","10":"pa_marine-model-df115b-fr","11":"pa_marine-model-df140a-fr","12":"pa_marine-model-df140b-fr","13":"pa_marine-model-df200-fr","14":"pa_marine-model-df225-fr","15":"pa_marine-model-df250-fr","16":"desktop-align-left","17":"tablet-align-left","18":"mobile-align-left","19":"ast-product-gallery-layout-horizontal","20":"ast-product-gallery-with-no-image","21":"ast-magnify-disabled","22":"ast-product-tabs-layout-horizontal","24":"first","25":"instock","26":"taxable","27":"shipping-taxable","28":"purchasable","29":"product-type-simple"},"acf":[],"yoast_head":"<!-- This site is optimized with the Yoast SEO plugin v26.9 - https:\/\/yoast.com\/product\/yoast-seo-wordpress\/ -->\n<title>Housse de protection contre les intemp\u00e9ries pour moteur DF115A-140BG\/DF200-250 - Suzuki Canada Inc.<\/title>\n<meta name=\"robots\" content=\"index, follow, max-snippet:-1, max-image-preview:large, max-video-preview:-1\" \/>\n<link rel=\"canonical\" href=\"https:\/\/www.suzuki.ca\/fr\/produit\/housse-de-protection-contre-les-intemperies-pour-moteur-df115a-140bg-df200-250\/\" \/>\n<meta property=\"og:locale\" content=\"fr_FR\" \/>\n<meta property=\"og:type\" content=\"article\" \/>\n<meta property=\"og:title\" content=\"Housse de protection contre les intemp\u00e9ries pour moteur DF115A-140BG\/DF200-250 - Suzuki Canada Inc.\" \/>\n<meta property=\"og:description\" content=\"\u2026 Continuez \u00e0 lire &gt;\" \/>\n<meta property=\"og:url\" content=\"https:\/\/www.suzuki.ca\/fr\/produit\/housse-de-protection-contre-les-intemperies-pour-moteur-df115a-140bg-df200-250\/\" \/>\n<meta property=\"og:site_name\" content=\"Suzuki Canada Inc.\" \/>\n<meta property=\"article:modified_time\" content=\"2026-04-01T16:29:25+00:00\" \/>\n<meta property=\"og:image\" content=\"https:\/\/www.suzuki.ca\/wp-content\/uploads\/99000-817xx.jpg\" \/>\n\t<meta property=\"og:image:width\" content=\"1080\" \/>\n\t<meta property=\"og:image:height\" content=\"1080\" \/>\n\t<meta property=\"og:image:type\" content=\"image\/jpeg\" \/>\n<meta name=\"twitter:card\" content=\"summary_large_image\" \/>\n<meta name=\"twitter:label1\" content=\"Est. reading time\" \/>\n\t<meta name=\"twitter:data1\" content=\"1 minute\" \/>\n<script type=\"application\/ld+json\" class=\"yoast-schema-graph\">{\"@context\":\"https:\/\/schema.org\",\"@graph\":[{\"@type\":\"WebPage\",\"@id\":\"https:\/\/www.suzuki.ca\/fr\/produit\/housse-de-protection-contre-les-intemperies-pour-moteur-df115a-140bg-df200-250\/\",\"url\":\"https:\/\/www.suzuki.ca\/fr\/produit\/housse-de-protection-contre-les-intemperies-pour-moteur-df115a-140bg-df200-250\/\",\"name\":\"Housse de protection contre les intemp\u00e9ries pour moteur DF115A-140BG\/DF200-250 - Suzuki Canada Inc.\",\"isPartOf\":{\"@id\":\"https:\/\/www.suzuki.ca\/#website\"},\"primaryImageOfPage\":{\"@id\":\"https:\/\/www.suzuki.ca\/fr\/produit\/housse-de-protection-contre-les-intemperies-pour-moteur-df115a-140bg-df200-250\/#primaryimage\"},\"image\":{\"@id\":\"https:\/\/www.suzuki.ca\/fr\/produit\/housse-de-protection-contre-les-intemperies-pour-moteur-df115a-140bg-df200-250\/#primaryimage\"},\"thumbnailUrl\":\"https:\/\/www.suzuki.ca\/wp-content\/uploads\/99000-817xx.jpg\",\"datePublished\":\"2025-09-25T18:42:57+00:00\",\"dateModified\":\"2026-04-01T16:29:25+00:00\",\"breadcrumb\":{\"@id\":\"https:\/\/www.suzuki.ca\/fr\/produit\/housse-de-protection-contre-les-intemperies-pour-moteur-df115a-140bg-df200-250\/#breadcrumb\"},\"inLanguage\":\"fr-FR\",\"potentialAction\":[{\"@type\":\"ReadAction\",\"target\":[\"https:\/\/www.suzuki.ca\/fr\/produit\/housse-de-protection-contre-les-intemperies-pour-moteur-df115a-140bg-df200-250\/\"]}]},{\"@type\":\"ImageObject\",\"inLanguage\":\"fr-FR\",\"@id\":\"https:\/\/www.suzuki.ca\/fr\/produit\/housse-de-protection-contre-les-intemperies-pour-moteur-df115a-140bg-df200-250\/#primaryimage\",\"url\":\"https:\/\/www.suzuki.ca\/wp-content\/uploads\/99000-817xx.jpg\",\"contentUrl\":\"https:\/\/www.suzuki.ca\/wp-content\/uploads\/99000-817xx.jpg\",\"width\":1080,\"height\":1080,\"caption\":\"Suzuki_Marine_Weather_Cover\"},{\"@type\":\"BreadcrumbList\",\"@id\":\"https:\/\/www.suzuki.ca\/fr\/produit\/housse-de-protection-contre-les-intemperies-pour-moteur-df115a-140bg-df200-250\/#breadcrumb\",\"itemListElement\":[{\"@type\":\"ListItem\",\"position\":1,\"name\":\"Accueil\",\"item\":\"https:\/\/www.suzuki.ca\/fr\/\"},{\"@type\":\"ListItem\",\"position\":2,\"name\":\"Products\",\"item\":\"https:\/\/www.suzuki.ca\/shop\/\"},{\"@type\":\"ListItem\",\"position\":3,\"name\":\"Housse de protection contre les intemp\u00e9ries pour moteur DF115A-140BG\/DF200-250\"}]},{\"@type\":\"WebSite\",\"@id\":\"https:\/\/www.suzuki.ca\/#website\",\"url\":\"https:\/\/www.suzuki.ca\/\",\"name\":\"Suzuki Canada Inc.\",\"description\":\"The Official Home of Suzuki Canada Motorcycle, ATV, and Marine models and accessories.\",\"publisher\":{\"@id\":\"https:\/\/www.suzuki.ca\/#organization\"},\"potentialAction\":[{\"@type\":\"SearchAction\",\"target\":{\"@type\":\"EntryPoint\",\"urlTemplate\":\"https:\/\/www.suzuki.ca\/?s={search_term_string}\"},\"query-input\":{\"@type\":\"PropertyValueSpecification\",\"valueRequired\":true,\"valueName\":\"search_term_string\"}}],\"inLanguage\":\"fr-FR\"},{\"@type\":\"Organization\",\"@id\":\"https:\/\/www.suzuki.ca\/#organization\",\"name\":\"Suzuki Canada Inc.\",\"url\":\"https:\/\/www.suzuki.ca\/\",\"logo\":{\"@type\":\"ImageObject\",\"inLanguage\":\"fr-FR\",\"@id\":\"https:\/\/www.suzuki.ca\/#\/schema\/logo\/image\/\",\"url\":\"https:\/\/www.suzuki.ca\/wp-content\/uploads\/Suzuki_Logo_Parallelogram.svg\",\"contentUrl\":\"https:\/\/www.suzuki.ca\/wp-content\/uploads\/Suzuki_Logo_Parallelogram.svg\",\"caption\":\"Suzuki Canada Inc.\"},\"image\":{\"@id\":\"https:\/\/www.suzuki.ca\/#\/schema\/logo\/image\/\"}}]}<\/script>\n<!-- \/ Yoast SEO plugin. -->","yoast_head_json":{"title":"Housse de protection contre les intemp\u00e9ries pour moteur DF115A-140BG\/DF200-250 - Suzuki Canada Inc.","robots":{"index":"index","follow":"follow","max-snippet":"max-snippet:-1","max-image-preview":"max-image-preview:large","max-video-preview":"max-video-preview:-1"},"canonical":"https:\/\/www.suzuki.ca\/fr\/produit\/housse-de-protection-contre-les-intemperies-pour-moteur-df115a-140bg-df200-250\/","og_locale":"fr_FR","og_type":"article","og_title":"Housse de protection contre les intemp\u00e9ries pour moteur DF115A-140BG\/DF200-250 - Suzuki Canada Inc.","og_description":"\u2026 Continuez \u00e0 lire >","og_url":"https:\/\/www.suzuki.ca\/fr\/produit\/housse-de-protection-contre-les-intemperies-pour-moteur-df115a-140bg-df200-250\/","og_site_name":"Suzuki Canada Inc.","article_modified_time":"2026-04-01T16:29:25+00:00","og_image":[{"width":1080,"height":1080,"url":"https:\/\/www.suzuki.ca\/wp-content\/uploads\/99000-817xx.jpg","type":"image\/jpeg"}],"twitter_card":"summary_large_image","twitter_misc":{"Est. reading time":"1 minute"},"schema":{"@context":"https:\/\/schema.org","@graph":[{"@type":"WebPage","@id":"https:\/\/www.suzuki.ca\/fr\/produit\/housse-de-protection-contre-les-intemperies-pour-moteur-df115a-140bg-df200-250\/","url":"https:\/\/www.suzuki.ca\/fr\/produit\/housse-de-protection-contre-les-intemperies-pour-moteur-df115a-140bg-df200-250\/","name":"Housse de protection contre les intemp\u00e9ries pour moteur DF115A-140BG\/DF200-250 - Suzuki Canada Inc.","isPartOf":{"@id":"https:\/\/www.suzuki.ca\/#website"},"primaryImageOfPage":{"@id":"https:\/\/www.suzuki.ca\/fr\/produit\/housse-de-protection-contre-les-intemperies-pour-moteur-df115a-140bg-df200-250\/#primaryimage"},"image":{"@id":"https:\/\/www.suzuki.ca\/fr\/produit\/housse-de-protection-contre-les-intemperies-pour-moteur-df115a-140bg-df200-250\/#primaryimage"},"thumbnailUrl":"https:\/\/www.suzuki.ca\/wp-content\/uploads\/99000-817xx.jpg","datePublished":"2025-09-25T18:42:57+00:00","dateModified":"2026-04-01T16:29:25+00:00","breadcrumb":{"@id":"https:\/\/www.suzuki.ca\/fr\/produit\/housse-de-protection-contre-les-intemperies-pour-moteur-df115a-140bg-df200-250\/#breadcrumb"},"inLanguage":"fr-FR","potentialAction":[{"@type":"ReadAction","target":["https:\/\/www.suzuki.ca\/fr\/produit\/housse-de-protection-contre-les-intemperies-pour-moteur-df115a-140bg-df200-250\/"]}]},{"@type":"ImageObject","inLanguage":"fr-FR","@id":"https:\/\/www.suzuki.ca\/fr\/produit\/housse-de-protection-contre-les-intemperies-pour-moteur-df115a-140bg-df200-250\/#primaryimage","url":"https:\/\/www.suzuki.ca\/wp-content\/uploads\/99000-817xx.jpg","contentUrl":"https:\/\/www.suzuki.ca\/wp-content\/uploads\/99000-817xx.jpg","width":1080,"height":1080,"caption":"Suzuki_Marine_Weather_Cover"},{"@type":"BreadcrumbList","@id":"https:\/\/www.suzuki.ca\/fr\/produit\/housse-de-protection-contre-les-intemperies-pour-moteur-df115a-140bg-df200-250\/#breadcrumb","itemListElement":[{"@type":"ListItem","position":1,"name":"Accueil","item":"https:\/\/www.suzuki.ca\/fr\/"},{"@type":"ListItem","position":2,"name":"Products","item":"https:\/\/www.suzuki.ca\/shop\/"},{"@type":"ListItem","position":3,"name":"Housse de protection contre les intemp\u00e9ries pour moteur DF115A-140BG\/DF200-250"}]},{"@type":"WebSite","@id":"https:\/\/www.suzuki.ca\/#website","url":"https:\/\/www.suzuki.ca\/","name":"Suzuki Canada Inc.","description":"The Official Home of Suzuki Canada Motorcycle, ATV, and Marine models and accessories.","publisher":{"@id":"https:\/\/www.suzuki.ca\/#organization"},"potentialAction":[{"@type":"SearchAction","target":{"@type":"EntryPoint","urlTemplate":"https:\/\/www.suzuki.ca\/?s={search_term_string}"},"query-input":{"@type":"PropertyValueSpecification","valueRequired":true,"valueName":"search_term_string"}}],"inLanguage":"fr-FR"},{"@type":"Organization","@id":"https:\/\/www.suzuki.ca\/#organization","name":"Suzuki Canada Inc.","url":"https:\/\/www.suzuki.ca\/","logo":{"@type":"ImageObject","inLanguage":"fr-FR","@id":"https:\/\/www.suzuki.ca\/#\/schema\/logo\/image\/","url":"https:\/\/www.suzuki.ca\/wp-content\/uploads\/Suzuki_Logo_Parallelogram.svg","contentUrl":"https:\/\/www.suzuki.ca\/wp-content\/uploads\/Suzuki_Logo_Parallelogram.svg","caption":"Suzuki Canada Inc."},"image":{"@id":"https:\/\/www.suzuki.ca\/#\/schema\/logo\/image\/"}}]}},"_links":{"self":[{"href":"https:\/\/www.suzuki.ca\/fr\/wp-json\/wp\/v2\/product\/63951","targetHints":{"allow":["GET"]}}],"collection":[{"href":"https:\/\/www.suzuki.ca\/fr\/wp-json\/wp\/v2\/product"}],"about":[{"href":"https:\/\/www.suzuki.ca\/fr\/wp-json\/wp\/v2\/types\/product"}],"wp:featuredmedia":[{"embeddable":true,"href":"https:\/\/www.suzuki.ca\/fr\/wp-json\/wp\/v2\/media\/63945"}],"wp:attachment":[{"href":"https:\/\/www.suzuki.ca\/fr\/wp-json\/wp\/v2\/media?parent=63951"}],"wp:term":[{"taxonomy":"product_brand","embeddable":true,"href":"https:\/\/www.suzuki.ca\/fr\/wp-json\/wp\/v2\/product_brand?post=63951"},{"taxonomy":"product_cat","embeddable":true,"href":"https:\/\/www.suzuki.ca\/fr\/wp-json\/wp\/v2\/product_cat?post=63951"},{"taxonomy":"product_tag","embeddable":true,"href":"https:\/\/www.suzuki.ca\/fr\/wp-json\/wp\/v2\/product_tag?post=63951"}],"curies":[{"name":"wp","href":"https:\/\/api.w.org\/{rel}","templated":true}]}}