{"id":65314,"date":"2025-11-12T10:46:14","date_gmt":"2025-11-12T15:46:38","guid":{"rendered":"https:\/\/www.suzuki.ca\/?post_type=product&#038;p=65314"},"modified":"2026-04-01T12:34:16","modified_gmt":"2026-04-01T16:34:16","slug":"manuels-du-proprietaire","status":"publish","type":"product","link":"https:\/\/www.suzuki.ca\/fr\/produit\/manuels-du-proprietaire\/","title":{"rendered":"Manuels du propri\u00e9taire"},"content":{"rendered":"<article class=\"text-token-text-primary w-full focus:outline-none [--shadow-height:45px] has-data-writing-block:pointer-events-none has-data-writing-block:-mt-(--shadow-height) has-data-writing-block:pt-(--shadow-height) [&amp;:has([data-writing-block])&gt;*]:pointer-events-auto [content-visibility:auto] supports-[content-visibility:auto]:[contain-intrinsic-size:auto_100lvh] scroll-mt-[calc(var(--header-height)+min(200px,max(70px,20svh)))]\" dir=\"auto\" tabindex=\"-1\" data-turn-id=\"request-WEB:4296bc0a-0bf5-44e4-8df5-3fa9290cb7a3-1\" data-testid=\"conversation-turn-4\" data-scroll-anchor=\"false\" data-turn=\"assistant\">\n<div class=\"text-base my-auto mx-auto [--thread-content-margin:--spacing(4)] thread-sm:[--thread-content-margin:--spacing(6)] thread-lg:[--thread-content-margin:--spacing(16)] px-(--thread-content-margin)\">\n<div class=\"[--thread-content-max-width:40rem] thread-lg:[--thread-content-max-width:48rem] mx-auto max-w-(--thread-content-max-width) flex-1 group\/turn-messages focus-visible:outline-hidden relative flex w-full min-w-0 flex-col agent-turn\" tabindex=\"-1\">\n<div class=\"flex max-w-full flex-col grow\">\n<div class=\"min-h-8 text-message relative flex w-full flex-col items-end gap-2 text-start break-words whitespace-normal [.text-message+&amp;]:mt-1\" dir=\"auto\" data-message-author-role=\"assistant\" data-message-id=\"72b3328f-231f-49a5-a11e-08b6a2a32e80\" data-message-model-slug=\"gpt-5\">\n<div class=\"flex w-full flex-col gap-1 empty:hidden first:pt-[1px]\">\n<div class=\"markdown prose dark:prose-invert w-full break-words light markdown-new-styling\">\n<p data-start=\"0\" data-end=\"289\">Gardez votre Suzuki en parfait \u00e9tat gr\u00e2ce aux manuels officiels d\u2019usine. Chaque manuel du propri\u00e9taire ou d\u2019entretien d\u2019origine fournit des informations d\u00e9taill\u00e9es et pr\u00e9cises, directement des ing\u00e9nieurs Suzuki.<\/p>\n<p data-start=\"291\" data-end=\"519\" data-is-last-node=\"\" data-is-only-node=\"\">\u26a0\ufe0f <strong data-start=\"294\" data-end=\"319\">Avis de liquidation :<\/strong> Quantit\u00e9s limit\u00e9es. Toutes les ventes sont finales \u2014 aucun retour ni \u00e9change. Les manuels sont propres \u00e0 chaque ann\u00e9e et mod\u00e8le ; veuillez s\u00e9lectionner la bonne option avant de passer votre commande.<\/p>\n<\/div>\n<\/div>\n<\/div>\n<\/div>\n<div class=\"z-0 flex min-h-[46px] justify-start\"><\/div>\n<\/div>\n<\/div>\n<\/article>\n<article class=\"text-token-text-primary w-full focus:outline-none [--shadow-height:45px] has-data-writing-block:pointer-events-none has-data-writing-block:-mt-(--shadow-height) has-data-writing-block:pt-(--shadow-height) [&amp;:has([data-writing-block])&gt;*]:pointer-events-auto scroll-mt-(--header-height)\" dir=\"auto\" tabindex=\"-1\" data-turn-id=\"7e1b6cec-8dce-4dcc-a38f-3e542372db30\" data-testid=\"conversation-turn-5\" data-scroll-anchor=\"false\" data-turn=\"user\">\n<h5 class=\"sr-only\"><\/h5>\n<\/article>\n","protected":false},"excerpt":{"rendered":"<p>\u2026 <a class=\"blog-readmore\" href=\"https:\/\/www.suzuki.ca\/fr\/produit\/manuels-du-proprietaire\/\">Continuez \u00e0 lire ><\/a><\/p>\n","protected":false},"featured_media":65338,"template":"","meta":{"_acf_changed":false,"site-sidebar-layout":"no-sidebar","site-content-layout":"default","ast-site-content-layout":"default","site-content-style":"default","site-sidebar-style":"default","ast-global-header-display":"","ast-banner-title-visibility":"","ast-main-header-display":"","ast-hfb-above-header-display":"","ast-hfb-below-header-display":"","ast-hfb-mobile-header-display":"","site-post-title":"","ast-breadcrumbs-content":"","ast-featured-img":"","footer-sml-layout":"","ast-disable-related-posts":"","theme-transparent-header-meta":"default","adv-header-id-meta":"","stick-header-meta":"default","header-above-stick-meta":"","header-main-stick-meta":"","header-below-stick-meta":"","astra-migrate-meta-layouts":"set","ast-page-background-enabled":"default","ast-page-background-meta":{"desktop":{"background-color":"","background-image":"","background-repeat":"repeat","background-position":"center center","background-size":"auto","background-attachment":"scroll","background-type":"","background-media":"","overlay-type":"","overlay-color":"","overlay-opacity":"","overlay-gradient":""},"tablet":{"background-color":"","background-image":"","background-repeat":"repeat","background-position":"center center","background-size":"auto","background-attachment":"scroll","background-type":"","background-media":"","overlay-type":"","overlay-color":"","overlay-opacity":"","overlay-gradient":""},"mobile":{"background-color":"","background-image":"","background-repeat":"repeat","background-position":"center center","background-size":"auto","background-attachment":"scroll","background-type":"","background-media":"","overlay-type":"","overlay-color":"","overlay-opacity":"","overlay-gradient":""}},"ast-content-background-meta":{"desktop":{"background-color":"var(--ast-global-color-5)","background-image":"","background-repeat":"repeat","background-position":"center center","background-size":"auto","background-attachment":"scroll","background-type":"","background-media":"","overlay-type":"","overlay-color":"","overlay-opacity":"","overlay-gradient":""},"tablet":{"background-color":"var(--ast-global-color-5)","background-image":"","background-repeat":"repeat","background-position":"center center","background-size":"auto","background-attachment":"scroll","background-type":"","background-media":"","overlay-type":"","overlay-color":"","overlay-opacity":"","overlay-gradient":""},"mobile":{"background-color":"var(--ast-global-color-5)","background-image":"","background-repeat":"repeat","background-position":"center center","background-size":"auto","background-attachment":"scroll","background-type":"","background-media":"","overlay-type":"","overlay-color":"","overlay-opacity":"","overlay-gradient":""}}},"product_brand":[],"product_cat":[5197],"product_tag":[],"class_list":{"0":"post-65314","1":"product","2":"type-product","3":"status-publish","4":"has-post-thumbnail","6":"product_cat-manuels","7":"pa_item-type-manuels","8":"pa_item-type-vente-de-liquidation","9":"pa_line-year-2812","10":"pa_line-year-2219","11":"pa_line-year-378","12":"pa_line-year-1712","13":"pa_line-year-1713","14":"pa_line-year-379","15":"pa_line-year-1709","16":"pa_line-year-1710","17":"pa_line-year-1711","18":"pa_line-year-1213","19":"pa_line-year-1714","20":"pa_line-year-1215","21":"pa_line-year-1216","22":"pa_line-year-173","23":"pa_line-year-174","24":"pa_line-year-175","25":"pa_line-year-176","26":"pa_line-year-177","27":"pa_line-year-178","28":"pa_line-year-179","29":"pa_line-year-180","30":"pa_line-year-2810","31":"pa_line-year-2811","32":"pa_model-boulevard-c50-2010","33":"pa_model-boulevard-c50-2011","34":"pa_model-boulevard-c50-2022","35":"pa_model-boulevard-c50-2023","36":"pa_model-boulevard-c90-2019","37":"pa_model-boulevard-m109r-2020","38":"pa_model-boulevard-m109r-2022","39":"pa_model-boulevard-m50-2008","40":"pa_model-boulevard-m50-2019","41":"pa_model-burgman-400-2004","42":"pa_model-burgman-400-2004-2006","43":"pa_model-burgman-650-2015","44":"pa_model-df150-175-2006-2018","45":"pa_model-df150a-175a-200a-2021","46":"pa_model-df150ap-175ap-200ap-2021","47":"pa_model-df200ap-300ap-2020","48":"pa_model-df250ss-2021","49":"pa_model-df25a-30a-2020","50":"pa_model-df25a-30a-2021","51":"pa_model-df300b-350a-2021","52":"pa_model-df40a-50a-60a-2010-2026","53":"pa_model-df40a-50a-av-60a-av-2021","54":"pa_model-df4a-6a-2020","55":"pa_model-df70a-90a-2021","56":"pa_model-df9-9b-15a-20a-2016","57":"pa_model-df9-9b-15a-20a-2017","58":"pa_model-df9-9b-15a-20a-2019","59":"pa_model-df9-9b-15a-20a-2022-2023","60":"pa_model-dr-z400s-2019","61":"pa_model-dr-z400sm-2016","62":"pa_model-dr-z400sm-2019","63":"pa_model-dr200-2011","64":"pa_model-dr200-2020","65":"pa_model-dr650-2019","66":"pa_model-dr750-1988-1989","67":"pa_model-dt100c-1990-1999","68":"pa_model-dt75c-85c-1981-1992","69":"pa_model-gsf650-2007-2016","70":"pa_model-gsx-8s-2023","71":"pa_model-gsx-r1000-2001-2002","72":"pa_model-gsx-r1000-2017","73":"pa_model-gsx-r1000-2017-2026","74":"pa_model-gsx-r750-2018","75":"pa_model-gsx-s1000-2018","76":"pa_model-gsx-s1000-2022","77":"pa_model-gsx-s1000-2023","78":"pa_model-gsx-s1000gt-2022","79":"pa_model-gsx-s1000gt-2023","80":"pa_model-gsx-s750-2017-2023","81":"pa_model-jr80-2001-2007","82":"pa_model-kingquad-400-2019","83":"pa_model-kingquad-400-2021","84":"pa_model-kingquad-500-2016","85":"pa_model-kingquad-500-2018","86":"pa_model-kingquad-500-2020","87":"pa_model-kingquad-700-2005-2007","88":"pa_model-kingquad-750-2014","89":"pa_model-kingquad-750-2017","90":"pa_model-kingquad-750-2018","91":"pa_model-kingquad-750-2019","92":"pa_model-kingquad-750-2020","93":"pa_model-ls650-2009","94":"pa_model-ls650-2019","95":"pa_model-quadsport-50-2006-2026","96":"pa_model-quadsport-50-2016","97":"pa_model-quadsport-90-2019","98":"pa_model-rg500-1986-1987","99":"pa_model-rm250-2007","100":"pa_model-rm85-2010","101":"pa_model-rm85-2020","102":"pa_model-rmx450-2017","103":"pa_model-rmz250-2009","104":"pa_model-rmz250-2023","105":"pa_model-rmz450-2006","106":"pa_model-rmz450-2013","107":"pa_model-rmz450-2017","108":"pa_model-rmz450-2023","109":"pa_model-rv200-2019","110":"pa_model-sfv650-2009","111":"pa_model-sfv650-2015","112":"pa_model-tu250-2019","113":"pa_model-v-strom-1000-2018","114":"pa_model-v-strom-1050-de-2020-2026","115":"pa_model-v-strom-1050-de-2023","116":"pa_model-v-strom-650-2012-2016","117":"pa_model-v-strom-650-2013","118":"pa_model-v-strom-800-de-2023","119":"pa_model-vinson-2002-2008","120":"desktop-align-left","121":"tablet-align-left","122":"mobile-align-left","123":"ast-product-gallery-layout-horizontal","124":"ast-product-gallery-with-no-image","125":"ast-magnify-disabled","126":"ast-product-single-variable","127":"ast-product-tabs-layout-horizontal","129":"first","130":"instock","131":"featured","132":"taxable","133":"shipping-taxable","134":"purchasable","135":"product-type-variable"},"acf":[],"yoast_head":"<!-- This site is optimized with the Yoast SEO plugin v26.9 - https:\/\/yoast.com\/product\/yoast-seo-wordpress\/ -->\n<title>Manuels du propri\u00e9taire - Suzuki Canada Inc.<\/title>\n<meta name=\"robots\" content=\"index, follow, max-snippet:-1, max-image-preview:large, max-video-preview:-1\" \/>\n<link rel=\"canonical\" href=\"https:\/\/www.suzuki.ca\/fr\/produit\/manuels-du-proprietaire\/\" \/>\n<meta property=\"og:locale\" content=\"fr_FR\" \/>\n<meta property=\"og:type\" content=\"article\" \/>\n<meta property=\"og:title\" content=\"Manuels du propri\u00e9taire - Suzuki Canada Inc.\" \/>\n<meta property=\"og:description\" content=\"\u2026 Continuez \u00e0 lire &gt;\" \/>\n<meta property=\"og:url\" content=\"https:\/\/www.suzuki.ca\/fr\/produit\/manuels-du-proprietaire\/\" \/>\n<meta property=\"og:site_name\" content=\"Suzuki Canada Inc.\" \/>\n<meta property=\"article:modified_time\" content=\"2026-04-01T16:34:16+00:00\" \/>\n<meta property=\"og:image\" content=\"https:\/\/www.suzuki.ca\/wp-content\/uploads\/Image-Coming-Soon.jpg\" \/>\n\t<meta property=\"og:image:width\" content=\"1080\" \/>\n\t<meta property=\"og:image:height\" content=\"1080\" \/>\n\t<meta property=\"og:image:type\" content=\"image\/jpeg\" \/>\n<meta name=\"twitter:card\" content=\"summary_large_image\" \/>\n<meta name=\"twitter:label1\" content=\"Est. reading time\" \/>\n\t<meta name=\"twitter:data1\" content=\"1 minute\" \/>\n<script type=\"application\/ld+json\" class=\"yoast-schema-graph\">{\"@context\":\"https:\/\/schema.org\",\"@graph\":[{\"@type\":\"WebPage\",\"@id\":\"https:\/\/www.suzuki.ca\/fr\/produit\/manuels-du-proprietaire\/\",\"url\":\"https:\/\/www.suzuki.ca\/fr\/produit\/manuels-du-proprietaire\/\",\"name\":\"Manuels du propri\u00e9taire - Suzuki Canada Inc.\",\"isPartOf\":{\"@id\":\"https:\/\/www.suzuki.ca\/#website\"},\"primaryImageOfPage\":{\"@id\":\"https:\/\/www.suzuki.ca\/fr\/produit\/manuels-du-proprietaire\/#primaryimage\"},\"image\":{\"@id\":\"https:\/\/www.suzuki.ca\/fr\/produit\/manuels-du-proprietaire\/#primaryimage\"},\"thumbnailUrl\":\"https:\/\/www.suzuki.ca\/wp-content\/uploads\/Image-Coming-Soon.jpg\",\"datePublished\":\"2025-11-12T15:46:38+00:00\",\"dateModified\":\"2026-04-01T16:34:16+00:00\",\"breadcrumb\":{\"@id\":\"https:\/\/www.suzuki.ca\/fr\/produit\/manuels-du-proprietaire\/#breadcrumb\"},\"inLanguage\":\"fr-FR\",\"potentialAction\":[{\"@type\":\"ReadAction\",\"target\":[\"https:\/\/www.suzuki.ca\/fr\/produit\/manuels-du-proprietaire\/\"]}]},{\"@type\":\"ImageObject\",\"inLanguage\":\"fr-FR\",\"@id\":\"https:\/\/www.suzuki.ca\/fr\/produit\/manuels-du-proprietaire\/#primaryimage\",\"url\":\"https:\/\/www.suzuki.ca\/wp-content\/uploads\/Image-Coming-Soon.jpg\",\"contentUrl\":\"https:\/\/www.suzuki.ca\/wp-content\/uploads\/Image-Coming-Soon.jpg\",\"width\":1080,\"height\":1080,\"caption\":\"Image Coming Soon\"},{\"@type\":\"BreadcrumbList\",\"@id\":\"https:\/\/www.suzuki.ca\/fr\/produit\/manuels-du-proprietaire\/#breadcrumb\",\"itemListElement\":[{\"@type\":\"ListItem\",\"position\":1,\"name\":\"Accueil\",\"item\":\"https:\/\/www.suzuki.ca\/fr\/\"},{\"@type\":\"ListItem\",\"position\":2,\"name\":\"Products\",\"item\":\"https:\/\/www.suzuki.ca\/shop\/\"},{\"@type\":\"ListItem\",\"position\":3,\"name\":\"Manuels du propri\u00e9taire\"}]},{\"@type\":\"WebSite\",\"@id\":\"https:\/\/www.suzuki.ca\/#website\",\"url\":\"https:\/\/www.suzuki.ca\/\",\"name\":\"Suzuki Canada Inc.\",\"description\":\"The Official Home of Suzuki Canada Motorcycle, ATV, and Marine models and accessories.\",\"publisher\":{\"@id\":\"https:\/\/www.suzuki.ca\/#organization\"},\"potentialAction\":[{\"@type\":\"SearchAction\",\"target\":{\"@type\":\"EntryPoint\",\"urlTemplate\":\"https:\/\/www.suzuki.ca\/?s={search_term_string}\"},\"query-input\":{\"@type\":\"PropertyValueSpecification\",\"valueRequired\":true,\"valueName\":\"search_term_string\"}}],\"inLanguage\":\"fr-FR\"},{\"@type\":\"Organization\",\"@id\":\"https:\/\/www.suzuki.ca\/#organization\",\"name\":\"Suzuki Canada Inc.\",\"url\":\"https:\/\/www.suzuki.ca\/\",\"logo\":{\"@type\":\"ImageObject\",\"inLanguage\":\"fr-FR\",\"@id\":\"https:\/\/www.suzuki.ca\/#\/schema\/logo\/image\/\",\"url\":\"https:\/\/www.suzuki.ca\/wp-content\/uploads\/Suzuki_Logo_Parallelogram.svg\",\"contentUrl\":\"https:\/\/www.suzuki.ca\/wp-content\/uploads\/Suzuki_Logo_Parallelogram.svg\",\"caption\":\"Suzuki Canada Inc.\"},\"image\":{\"@id\":\"https:\/\/www.suzuki.ca\/#\/schema\/logo\/image\/\"}}]}<\/script>\n<!-- \/ Yoast SEO plugin. -->","yoast_head_json":{"title":"Manuels du propri\u00e9taire - Suzuki Canada Inc.","robots":{"index":"index","follow":"follow","max-snippet":"max-snippet:-1","max-image-preview":"max-image-preview:large","max-video-preview":"max-video-preview:-1"},"canonical":"https:\/\/www.suzuki.ca\/fr\/produit\/manuels-du-proprietaire\/","og_locale":"fr_FR","og_type":"article","og_title":"Manuels du propri\u00e9taire - Suzuki Canada Inc.","og_description":"\u2026 Continuez \u00e0 lire >","og_url":"https:\/\/www.suzuki.ca\/fr\/produit\/manuels-du-proprietaire\/","og_site_name":"Suzuki Canada Inc.","article_modified_time":"2026-04-01T16:34:16+00:00","og_image":[{"width":1080,"height":1080,"url":"https:\/\/www.suzuki.ca\/wp-content\/uploads\/Image-Coming-Soon.jpg","type":"image\/jpeg"}],"twitter_card":"summary_large_image","twitter_misc":{"Est. reading time":"1 minute"},"schema":{"@context":"https:\/\/schema.org","@graph":[{"@type":"WebPage","@id":"https:\/\/www.suzuki.ca\/fr\/produit\/manuels-du-proprietaire\/","url":"https:\/\/www.suzuki.ca\/fr\/produit\/manuels-du-proprietaire\/","name":"Manuels du propri\u00e9taire - Suzuki Canada Inc.","isPartOf":{"@id":"https:\/\/www.suzuki.ca\/#website"},"primaryImageOfPage":{"@id":"https:\/\/www.suzuki.ca\/fr\/produit\/manuels-du-proprietaire\/#primaryimage"},"image":{"@id":"https:\/\/www.suzuki.ca\/fr\/produit\/manuels-du-proprietaire\/#primaryimage"},"thumbnailUrl":"https:\/\/www.suzuki.ca\/wp-content\/uploads\/Image-Coming-Soon.jpg","datePublished":"2025-11-12T15:46:38+00:00","dateModified":"2026-04-01T16:34:16+00:00","breadcrumb":{"@id":"https:\/\/www.suzuki.ca\/fr\/produit\/manuels-du-proprietaire\/#breadcrumb"},"inLanguage":"fr-FR","potentialAction":[{"@type":"ReadAction","target":["https:\/\/www.suzuki.ca\/fr\/produit\/manuels-du-proprietaire\/"]}]},{"@type":"ImageObject","inLanguage":"fr-FR","@id":"https:\/\/www.suzuki.ca\/fr\/produit\/manuels-du-proprietaire\/#primaryimage","url":"https:\/\/www.suzuki.ca\/wp-content\/uploads\/Image-Coming-Soon.jpg","contentUrl":"https:\/\/www.suzuki.ca\/wp-content\/uploads\/Image-Coming-Soon.jpg","width":1080,"height":1080,"caption":"Image Coming Soon"},{"@type":"BreadcrumbList","@id":"https:\/\/www.suzuki.ca\/fr\/produit\/manuels-du-proprietaire\/#breadcrumb","itemListElement":[{"@type":"ListItem","position":1,"name":"Accueil","item":"https:\/\/www.suzuki.ca\/fr\/"},{"@type":"ListItem","position":2,"name":"Products","item":"https:\/\/www.suzuki.ca\/shop\/"},{"@type":"ListItem","position":3,"name":"Manuels du propri\u00e9taire"}]},{"@type":"WebSite","@id":"https:\/\/www.suzuki.ca\/#website","url":"https:\/\/www.suzuki.ca\/","name":"Suzuki Canada Inc.","description":"The Official Home of Suzuki Canada Motorcycle, ATV, and Marine models and accessories.","publisher":{"@id":"https:\/\/www.suzuki.ca\/#organization"},"potentialAction":[{"@type":"SearchAction","target":{"@type":"EntryPoint","urlTemplate":"https:\/\/www.suzuki.ca\/?s={search_term_string}"},"query-input":{"@type":"PropertyValueSpecification","valueRequired":true,"valueName":"search_term_string"}}],"inLanguage":"fr-FR"},{"@type":"Organization","@id":"https:\/\/www.suzuki.ca\/#organization","name":"Suzuki Canada Inc.","url":"https:\/\/www.suzuki.ca\/","logo":{"@type":"ImageObject","inLanguage":"fr-FR","@id":"https:\/\/www.suzuki.ca\/#\/schema\/logo\/image\/","url":"https:\/\/www.suzuki.ca\/wp-content\/uploads\/Suzuki_Logo_Parallelogram.svg","contentUrl":"https:\/\/www.suzuki.ca\/wp-content\/uploads\/Suzuki_Logo_Parallelogram.svg","caption":"Suzuki Canada Inc."},"image":{"@id":"https:\/\/www.suzuki.ca\/#\/schema\/logo\/image\/"}}]}},"_links":{"self":[{"href":"https:\/\/www.suzuki.ca\/fr\/wp-json\/wp\/v2\/product\/65314","targetHints":{"allow":["GET"]}}],"collection":[{"href":"https:\/\/www.suzuki.ca\/fr\/wp-json\/wp\/v2\/product"}],"about":[{"href":"https:\/\/www.suzuki.ca\/fr\/wp-json\/wp\/v2\/types\/product"}],"wp:featuredmedia":[{"embeddable":true,"href":"https:\/\/www.suzuki.ca\/fr\/wp-json\/wp\/v2\/media\/65338"}],"wp:attachment":[{"href":"https:\/\/www.suzuki.ca\/fr\/wp-json\/wp\/v2\/media?parent=65314"}],"wp:term":[{"taxonomy":"product_brand","embeddable":true,"href":"https:\/\/www.suzuki.ca\/fr\/wp-json\/wp\/v2\/product_brand?post=65314"},{"taxonomy":"product_cat","embeddable":true,"href":"https:\/\/www.suzuki.ca\/fr\/wp-json\/wp\/v2\/product_cat?post=65314"},{"taxonomy":"product_tag","embeddable":true,"href":"https:\/\/www.suzuki.ca\/fr\/wp-json\/wp\/v2\/product_tag?post=65314"}],"curies":[{"name":"wp","href":"https:\/\/api.w.org\/{rel}","templated":true}]}}