{"id":66742,"date":"2026-02-23T13:19:54","date_gmt":"2026-02-23T18:19:54","guid":{"rendered":"https:\/\/www.suzuki.ca\/?post_type=product&#038;p=66742"},"modified":"2026-04-23T09:34:21","modified_gmt":"2026-04-23T13:34:21","slug":"porte-cles-suzuki-flight-tag-hayabusa","status":"publish","type":"product","link":"https:\/\/www.suzuki.ca\/fr\/produit\/porte-cles-suzuki-flight-tag-hayabusa\/","title":{"rendered":"Porte-cl\u00e9s Suzuki Flight Tag \u2013 Hayabusa"},"content":{"rendered":"<p data-start=\"0\" data-end=\"103\">Porte-cl\u00e9s Suzuki de style flight tag fabriqu\u00e9 en polyester 100 % durable. \u00c9quip\u00e9 d\u2019une cha\u00eene robuste en alliage de zinc pour une fixation s\u00e9curis\u00e9e aux cl\u00e9s, sacs ou bagages. De couleur noire avec l\u2019identification Hayabusa, c\u2019est un accessoire pratique au look inspir\u00e9 du sport motoris\u00e9.<\/p>\n","protected":false},"excerpt":{"rendered":"<p>\u2026 <a class=\"blog-readmore\" href=\"https:\/\/www.suzuki.ca\/fr\/produit\/porte-cles-suzuki-flight-tag-hayabusa\/\">Continuez \u00e0 lire ><\/a><\/p>\n","protected":false},"featured_media":66744,"template":"","meta":{"_acf_changed":false,"site-sidebar-layout":"default","site-content-layout":"default","ast-site-content-layout":"default","site-content-style":"default","site-sidebar-style":"default","ast-global-header-display":"","ast-banner-title-visibility":"","ast-main-header-display":"","ast-hfb-above-header-display":"","ast-hfb-below-header-display":"","ast-hfb-mobile-header-display":"","site-post-title":"","ast-breadcrumbs-content":"","ast-featured-img":"","footer-sml-layout":"","ast-disable-related-posts":"","theme-transparent-header-meta":"default","adv-header-id-meta":"","stick-header-meta":"default","header-above-stick-meta":"","header-main-stick-meta":"","header-below-stick-meta":"","astra-migrate-meta-layouts":"set","ast-page-background-enabled":"default","ast-page-background-meta":{"desktop":{"background-color":"","background-image":"","background-repeat":"repeat","background-position":"center center","background-size":"auto","background-attachment":"scroll","background-type":"","background-media":"","overlay-type":"","overlay-color":"","overlay-opacity":"","overlay-gradient":""},"tablet":{"background-color":"","background-image":"","background-repeat":"repeat","background-position":"center center","background-size":"auto","background-attachment":"scroll","background-type":"","background-media":"","overlay-type":"","overlay-color":"","overlay-opacity":"","overlay-gradient":""},"mobile":{"background-color":"","background-image":"","background-repeat":"repeat","background-position":"center center","background-size":"auto","background-attachment":"scroll","background-type":"","background-media":"","overlay-type":"","overlay-color":"","overlay-opacity":"","overlay-gradient":""}},"ast-content-background-meta":{"desktop":{"background-color":"var(--ast-global-color-5)","background-image":"","background-repeat":"repeat","background-position":"center center","background-size":"auto","background-attachment":"scroll","background-type":"","background-media":"","overlay-type":"","overlay-color":"","overlay-opacity":"","overlay-gradient":""},"tablet":{"background-color":"var(--ast-global-color-5)","background-image":"","background-repeat":"repeat","background-position":"center center","background-size":"auto","background-attachment":"scroll","background-type":"","background-media":"","overlay-type":"","overlay-color":"","overlay-opacity":"","overlay-gradient":""},"mobile":{"background-color":"var(--ast-global-color-5)","background-image":"","background-repeat":"repeat","background-position":"center center","background-size":"auto","background-attachment":"scroll","background-type":"","background-media":"","overlay-type":"","overlay-color":"","overlay-opacity":"","overlay-gradient":""}}},"product_brand":[],"product_cat":[145],"product_tag":[],"class_list":{"0":"post-66742","1":"product","2":"type-product","3":"status-publish","4":"has-post-thumbnail","6":"product_cat-cadeaux-et-objects-de-collection","7":"pa_item-type-cadeaux-et-articles-de-collection","8":"desktop-align-left","9":"tablet-align-left","10":"mobile-align-left","11":"ast-product-gallery-layout-horizontal","12":"ast-product-gallery-with-no-image","13":"ast-magnify-disabled","14":"ast-product-tabs-layout-horizontal","16":"first","17":"instock","18":"taxable","19":"shipping-taxable","20":"purchasable","21":"product-type-simple"},"acf":[],"yoast_head":"<!-- This site is optimized with the Yoast SEO plugin v27.3 - https:\/\/yoast.com\/product\/yoast-seo-wordpress\/ -->\n<title>Porte-cl\u00e9s Suzuki Flight Tag \u2013 Hayabusa - Suzuki Canada Inc.<\/title>\n<meta name=\"robots\" content=\"index, follow, max-snippet:-1, max-image-preview:large, max-video-preview:-1\" \/>\n<link rel=\"canonical\" href=\"https:\/\/www.suzuki.ca\/fr\/produit\/porte-cles-suzuki-flight-tag-hayabusa\/\" \/>\n<meta property=\"og:locale\" content=\"fr_FR\" \/>\n<meta property=\"og:type\" content=\"article\" \/>\n<meta property=\"og:title\" content=\"Porte-cl\u00e9s Suzuki Flight Tag \u2013 Hayabusa - Suzuki Canada Inc.\" \/>\n<meta property=\"og:description\" content=\"\u2026 Continuez \u00e0 lire &gt;\" \/>\n<meta property=\"og:url\" content=\"https:\/\/www.suzuki.ca\/fr\/produit\/porte-cles-suzuki-flight-tag-hayabusa\/\" \/>\n<meta property=\"og:site_name\" content=\"Suzuki Canada Inc.\" \/>\n<meta property=\"article:modified_time\" content=\"2026-04-23T13:34:21+00:00\" \/>\n<meta property=\"og:image\" content=\"https:\/\/staging.suzuki.ca\/wp-content\/uploads\/99000-79NK0-092.jpg\" \/>\n\t<meta property=\"og:image:width\" content=\"1080\" \/>\n\t<meta property=\"og:image:height\" content=\"1080\" \/>\n\t<meta property=\"og:image:type\" content=\"image\/jpeg\" \/>\n<meta name=\"twitter:card\" content=\"summary_large_image\" \/>\n<meta name=\"twitter:label1\" content=\"Est. reading time\" \/>\n\t<meta name=\"twitter:data1\" content=\"1 minute\" \/>\n<script type=\"application\/ld+json\" class=\"yoast-schema-graph\">{\"@context\":\"https:\\\/\\\/schema.org\",\"@graph\":[{\"@type\":\"WebPage\",\"@id\":\"https:\\\/\\\/www.suzuki.ca\\\/fr\\\/produit\\\/porte-cles-suzuki-flight-tag-hayabusa\\\/\",\"url\":\"https:\\\/\\\/www.suzuki.ca\\\/fr\\\/produit\\\/porte-cles-suzuki-flight-tag-hayabusa\\\/\",\"name\":\"Porte-cl\u00e9s Suzuki Flight Tag \u2013 Hayabusa - Suzuki Canada Inc.\",\"isPartOf\":{\"@id\":\"https:\\\/\\\/www.suzuki.ca\\\/#website\"},\"primaryImageOfPage\":{\"@id\":\"https:\\\/\\\/www.suzuki.ca\\\/fr\\\/produit\\\/porte-cles-suzuki-flight-tag-hayabusa\\\/#primaryimage\"},\"image\":{\"@id\":\"https:\\\/\\\/www.suzuki.ca\\\/fr\\\/produit\\\/porte-cles-suzuki-flight-tag-hayabusa\\\/#primaryimage\"},\"thumbnailUrl\":\"https:\\\/\\\/www.suzuki.ca\\\/wp-content\\\/uploads\\\/99000-79NK0-092.jpg\",\"datePublished\":\"2026-02-23T18:19:54+00:00\",\"dateModified\":\"2026-04-23T13:34:21+00:00\",\"breadcrumb\":{\"@id\":\"https:\\\/\\\/www.suzuki.ca\\\/fr\\\/produit\\\/porte-cles-suzuki-flight-tag-hayabusa\\\/#breadcrumb\"},\"inLanguage\":\"fr-FR\",\"potentialAction\":[{\"@type\":\"ReadAction\",\"target\":[\"https:\\\/\\\/www.suzuki.ca\\\/fr\\\/produit\\\/porte-cles-suzuki-flight-tag-hayabusa\\\/\"]}]},{\"@type\":\"ImageObject\",\"inLanguage\":\"fr-FR\",\"@id\":\"https:\\\/\\\/www.suzuki.ca\\\/fr\\\/produit\\\/porte-cles-suzuki-flight-tag-hayabusa\\\/#primaryimage\",\"url\":\"https:\\\/\\\/www.suzuki.ca\\\/wp-content\\\/uploads\\\/99000-79NK0-092.jpg\",\"contentUrl\":\"https:\\\/\\\/www.suzuki.ca\\\/wp-content\\\/uploads\\\/99000-79NK0-092.jpg\",\"width\":1080,\"height\":1080,\"caption\":\"Suzuki_Flight_tag_Hayabusa\"},{\"@type\":\"BreadcrumbList\",\"@id\":\"https:\\\/\\\/www.suzuki.ca\\\/fr\\\/produit\\\/porte-cles-suzuki-flight-tag-hayabusa\\\/#breadcrumb\",\"itemListElement\":[{\"@type\":\"ListItem\",\"position\":1,\"name\":\"Accueil\",\"item\":\"https:\\\/\\\/www.suzuki.ca\\\/fr\\\/\"},{\"@type\":\"ListItem\",\"position\":2,\"name\":\"Products\",\"item\":\"https:\\\/\\\/www.suzuki.ca\\\/shop\\\/\"},{\"@type\":\"ListItem\",\"position\":3,\"name\":\"Porte-cl\u00e9s Suzuki Flight Tag \u2013 Hayabusa\"}]},{\"@type\":\"WebSite\",\"@id\":\"https:\\\/\\\/www.suzuki.ca\\\/#website\",\"url\":\"https:\\\/\\\/www.suzuki.ca\\\/\",\"name\":\"Suzuki Canada Inc.\",\"description\":\"The Official Home of Suzuki Canada Motorcycle, ATV, and Marine models and accessories.\",\"publisher\":{\"@id\":\"https:\\\/\\\/www.suzuki.ca\\\/#organization\"},\"potentialAction\":[{\"@type\":\"SearchAction\",\"target\":{\"@type\":\"EntryPoint\",\"urlTemplate\":\"https:\\\/\\\/www.suzuki.ca\\\/?s={search_term_string}\"},\"query-input\":{\"@type\":\"PropertyValueSpecification\",\"valueRequired\":true,\"valueName\":\"search_term_string\"}}],\"inLanguage\":\"fr-FR\"},{\"@type\":\"Organization\",\"@id\":\"https:\\\/\\\/www.suzuki.ca\\\/#organization\",\"name\":\"Suzuki Canada Inc.\",\"url\":\"https:\\\/\\\/www.suzuki.ca\\\/\",\"logo\":{\"@type\":\"ImageObject\",\"inLanguage\":\"fr-FR\",\"@id\":\"https:\\\/\\\/www.suzuki.ca\\\/#\\\/schema\\\/logo\\\/image\\\/\",\"url\":\"https:\\\/\\\/www.suzuki.ca\\\/wp-content\\\/uploads\\\/Suzuki_Logo_Parallelogram.svg\",\"contentUrl\":\"https:\\\/\\\/www.suzuki.ca\\\/wp-content\\\/uploads\\\/Suzuki_Logo_Parallelogram.svg\",\"caption\":\"Suzuki Canada Inc.\"},\"image\":{\"@id\":\"https:\\\/\\\/www.suzuki.ca\\\/#\\\/schema\\\/logo\\\/image\\\/\"}}]}<\/script>\n<!-- \/ Yoast SEO plugin. -->","yoast_head_json":{"title":"Porte-cl\u00e9s Suzuki Flight Tag \u2013 Hayabusa - Suzuki Canada Inc.","robots":{"index":"index","follow":"follow","max-snippet":"max-snippet:-1","max-image-preview":"max-image-preview:large","max-video-preview":"max-video-preview:-1"},"canonical":"https:\/\/www.suzuki.ca\/fr\/produit\/porte-cles-suzuki-flight-tag-hayabusa\/","og_locale":"fr_FR","og_type":"article","og_title":"Porte-cl\u00e9s Suzuki Flight Tag \u2013 Hayabusa - Suzuki Canada Inc.","og_description":"\u2026 Continuez \u00e0 lire >","og_url":"https:\/\/www.suzuki.ca\/fr\/produit\/porte-cles-suzuki-flight-tag-hayabusa\/","og_site_name":"Suzuki Canada Inc.","article_modified_time":"2026-04-23T13:34:21+00:00","og_image":[{"width":1080,"height":1080,"url":"https:\/\/staging.suzuki.ca\/wp-content\/uploads\/99000-79NK0-092.jpg","type":"image\/jpeg"}],"twitter_card":"summary_large_image","twitter_misc":{"Est. reading time":"1 minute"},"schema":{"@context":"https:\/\/schema.org","@graph":[{"@type":"WebPage","@id":"https:\/\/www.suzuki.ca\/fr\/produit\/porte-cles-suzuki-flight-tag-hayabusa\/","url":"https:\/\/www.suzuki.ca\/fr\/produit\/porte-cles-suzuki-flight-tag-hayabusa\/","name":"Porte-cl\u00e9s Suzuki Flight Tag \u2013 Hayabusa - Suzuki Canada Inc.","isPartOf":{"@id":"https:\/\/www.suzuki.ca\/#website"},"primaryImageOfPage":{"@id":"https:\/\/www.suzuki.ca\/fr\/produit\/porte-cles-suzuki-flight-tag-hayabusa\/#primaryimage"},"image":{"@id":"https:\/\/www.suzuki.ca\/fr\/produit\/porte-cles-suzuki-flight-tag-hayabusa\/#primaryimage"},"thumbnailUrl":"https:\/\/www.suzuki.ca\/wp-content\/uploads\/99000-79NK0-092.jpg","datePublished":"2026-02-23T18:19:54+00:00","dateModified":"2026-04-23T13:34:21+00:00","breadcrumb":{"@id":"https:\/\/www.suzuki.ca\/fr\/produit\/porte-cles-suzuki-flight-tag-hayabusa\/#breadcrumb"},"inLanguage":"fr-FR","potentialAction":[{"@type":"ReadAction","target":["https:\/\/www.suzuki.ca\/fr\/produit\/porte-cles-suzuki-flight-tag-hayabusa\/"]}]},{"@type":"ImageObject","inLanguage":"fr-FR","@id":"https:\/\/www.suzuki.ca\/fr\/produit\/porte-cles-suzuki-flight-tag-hayabusa\/#primaryimage","url":"https:\/\/www.suzuki.ca\/wp-content\/uploads\/99000-79NK0-092.jpg","contentUrl":"https:\/\/www.suzuki.ca\/wp-content\/uploads\/99000-79NK0-092.jpg","width":1080,"height":1080,"caption":"Suzuki_Flight_tag_Hayabusa"},{"@type":"BreadcrumbList","@id":"https:\/\/www.suzuki.ca\/fr\/produit\/porte-cles-suzuki-flight-tag-hayabusa\/#breadcrumb","itemListElement":[{"@type":"ListItem","position":1,"name":"Accueil","item":"https:\/\/www.suzuki.ca\/fr\/"},{"@type":"ListItem","position":2,"name":"Products","item":"https:\/\/www.suzuki.ca\/shop\/"},{"@type":"ListItem","position":3,"name":"Porte-cl\u00e9s Suzuki Flight Tag \u2013 Hayabusa"}]},{"@type":"WebSite","@id":"https:\/\/www.suzuki.ca\/#website","url":"https:\/\/www.suzuki.ca\/","name":"Suzuki Canada Inc.","description":"The Official Home of Suzuki Canada Motorcycle, ATV, and Marine models and accessories.","publisher":{"@id":"https:\/\/www.suzuki.ca\/#organization"},"potentialAction":[{"@type":"SearchAction","target":{"@type":"EntryPoint","urlTemplate":"https:\/\/www.suzuki.ca\/?s={search_term_string}"},"query-input":{"@type":"PropertyValueSpecification","valueRequired":true,"valueName":"search_term_string"}}],"inLanguage":"fr-FR"},{"@type":"Organization","@id":"https:\/\/www.suzuki.ca\/#organization","name":"Suzuki Canada Inc.","url":"https:\/\/www.suzuki.ca\/","logo":{"@type":"ImageObject","inLanguage":"fr-FR","@id":"https:\/\/www.suzuki.ca\/#\/schema\/logo\/image\/","url":"https:\/\/www.suzuki.ca\/wp-content\/uploads\/Suzuki_Logo_Parallelogram.svg","contentUrl":"https:\/\/www.suzuki.ca\/wp-content\/uploads\/Suzuki_Logo_Parallelogram.svg","caption":"Suzuki Canada Inc."},"image":{"@id":"https:\/\/www.suzuki.ca\/#\/schema\/logo\/image\/"}}]}},"_links":{"self":[{"href":"https:\/\/www.suzuki.ca\/fr\/wp-json\/wp\/v2\/product\/66742","targetHints":{"allow":["GET"]}}],"collection":[{"href":"https:\/\/www.suzuki.ca\/fr\/wp-json\/wp\/v2\/product"}],"about":[{"href":"https:\/\/www.suzuki.ca\/fr\/wp-json\/wp\/v2\/types\/product"}],"wp:featuredmedia":[{"embeddable":true,"href":"https:\/\/www.suzuki.ca\/fr\/wp-json\/wp\/v2\/media\/66744"}],"wp:attachment":[{"href":"https:\/\/www.suzuki.ca\/fr\/wp-json\/wp\/v2\/media?parent=66742"}],"wp:term":[{"taxonomy":"product_brand","embeddable":true,"href":"https:\/\/www.suzuki.ca\/fr\/wp-json\/wp\/v2\/product_brand?post=66742"},{"taxonomy":"product_cat","embeddable":true,"href":"https:\/\/www.suzuki.ca\/fr\/wp-json\/wp\/v2\/product_cat?post=66742"},{"taxonomy":"product_tag","embeddable":true,"href":"https:\/\/www.suzuki.ca\/fr\/wp-json\/wp\/v2\/product_tag?post=66742"}],"curies":[{"name":"wp","href":"https:\/\/api.w.org\/{rel}","templated":true}]}}