{"id":66845,"date":"2026-03-11T15:02:10","date_gmt":"2026-03-11T19:02:11","guid":{"rendered":"https:\/\/www.suzuki.ca\/?post_type=product&#038;p=66845"},"modified":"2026-03-11T15:07:17","modified_gmt":"2026-03-11T19:07:17","slug":"casquette-suzuki-hayabusa-noir-standard","status":"publish","type":"product","link":"https:\/\/www.suzuki.ca\/fr\/produit\/casquette-suzuki-hayabusa-noir-standard\/","title":{"rendered":"Casquette Suzuki \u00ab Hayabusa \u00bb noir standard"},"content":{"rendered":"<p>Une casquette de baseball Suzuki originale inspir\u00e9e du unique \u00ab Hayabusa \u00bb. Fabriqu\u00e9e en serg\u00e9 100 % coton.<\/p>\n","protected":false},"excerpt":{"rendered":"<p>\u2026 <a class=\"blog-readmore\" href=\"https:\/\/www.suzuki.ca\/fr\/produit\/casquette-suzuki-hayabusa-noir-standard\/\">Continuez \u00e0 lire ><\/a><\/p>\n","protected":false},"featured_media":66847,"template":"","meta":{"_acf_changed":false,"site-sidebar-layout":"default","site-content-layout":"default","ast-site-content-layout":"default","site-content-style":"default","site-sidebar-style":"default","ast-global-header-display":"","ast-banner-title-visibility":"","ast-main-header-display":"","ast-hfb-above-header-display":"","ast-hfb-below-header-display":"","ast-hfb-mobile-header-display":"","site-post-title":"","ast-breadcrumbs-content":"","ast-featured-img":"","footer-sml-layout":"","ast-disable-related-posts":"","theme-transparent-header-meta":"default","adv-header-id-meta":"","stick-header-meta":"default","header-above-stick-meta":"","header-main-stick-meta":"","header-below-stick-meta":"","astra-migrate-meta-layouts":"set","ast-page-background-enabled":"default","ast-page-background-meta":{"desktop":{"background-color":"","background-image":"","background-repeat":"repeat","background-position":"center center","background-size":"auto","background-attachment":"scroll","background-type":"","background-media":"","overlay-type":"","overlay-color":"","overlay-opacity":"","overlay-gradient":""},"tablet":{"background-color":"","background-image":"","background-repeat":"repeat","background-position":"center center","background-size":"auto","background-attachment":"scroll","background-type":"","background-media":"","overlay-type":"","overlay-color":"","overlay-opacity":"","overlay-gradient":""},"mobile":{"background-color":"","background-image":"","background-repeat":"repeat","background-position":"center center","background-size":"auto","background-attachment":"scroll","background-type":"","background-media":"","overlay-type":"","overlay-color":"","overlay-opacity":"","overlay-gradient":""}},"ast-content-background-meta":{"desktop":{"background-color":"var(--ast-global-color-5)","background-image":"","background-repeat":"repeat","background-position":"center center","background-size":"auto","background-attachment":"scroll","background-type":"","background-media":"","overlay-type":"","overlay-color":"","overlay-opacity":"","overlay-gradient":""},"tablet":{"background-color":"var(--ast-global-color-5)","background-image":"","background-repeat":"repeat","background-position":"center center","background-size":"auto","background-attachment":"scroll","background-type":"","background-media":"","overlay-type":"","overlay-color":"","overlay-opacity":"","overlay-gradient":""},"mobile":{"background-color":"var(--ast-global-color-5)","background-image":"","background-repeat":"repeat","background-position":"center center","background-size":"auto","background-attachment":"scroll","background-type":"","background-media":"","overlay-type":"","overlay-color":"","overlay-opacity":"","overlay-gradient":""}}},"product_brand":[],"product_cat":[546,145],"product_tag":[],"class_list":{"0":"post-66845","1":"product","2":"type-product","3":"status-publish","4":"has-post-thumbnail","6":"product_cat-equipement-et-vetements","7":"product_cat-cadeaux-et-objects-de-collection","8":"pa_item-type-casquettes-et-toques","9":"desktop-align-left","10":"tablet-align-left","11":"mobile-align-left","12":"ast-product-gallery-layout-horizontal","13":"ast-magnify-disabled","14":"ast-product-tabs-layout-horizontal","16":"first","17":"outofstock","18":"taxable","19":"shipping-taxable","20":"purchasable","21":"product-type-simple"},"acf":[],"yoast_head":"<!-- This site is optimized with the Yoast SEO plugin v26.9 - https:\/\/yoast.com\/product\/yoast-seo-wordpress\/ -->\n<title>Casquette Suzuki \u00ab Hayabusa \u00bb noir standard - Suzuki Canada Inc.<\/title>\n<meta name=\"description\" content=\"Light brushed cotton twill with fused buckram. Self closure velcro fabric. Deluxe quadruple-stitched sweatband.Serg\u00e9 de coton bross\u00e9 l\u00e9ger avec buckram fondu. Tissu velcro auto-fermeture. Bande de sueur quadruple stiched de luxe\" \/>\n<meta name=\"robots\" content=\"index, follow, max-snippet:-1, max-image-preview:large, max-video-preview:-1\" \/>\n<link rel=\"canonical\" href=\"https:\/\/www.suzuki.ca\/fr\/produit\/casquette-suzuki-hayabusa-noir-standard\/\" \/>\n<meta property=\"og:locale\" content=\"fr_FR\" \/>\n<meta property=\"og:type\" content=\"article\" \/>\n<meta property=\"og:title\" content=\"Casquette Suzuki \u00ab Hayabusa \u00bb noir standard - Suzuki Canada Inc.\" \/>\n<meta property=\"og:description\" content=\"Light brushed cotton twill with fused buckram. Self closure velcro fabric. Deluxe quadruple-stitched sweatband.Serg\u00e9 de coton bross\u00e9 l\u00e9ger avec buckram fondu. Tissu velcro auto-fermeture. Bande de sueur quadruple stiched de luxe\" \/>\n<meta property=\"og:url\" content=\"https:\/\/www.suzuki.ca\/fr\/produit\/casquette-suzuki-hayabusa-noir-standard\/\" \/>\n<meta property=\"og:site_name\" content=\"Suzuki Canada Inc.\" \/>\n<meta property=\"article:modified_time\" content=\"2026-03-11T19:07:17+00:00\" \/>\n<meta property=\"og:image\" content=\"https:\/\/www.suzuki.ca\/wp-content\/uploads\/99000-79NA1-2631.jpg\" \/>\n\t<meta property=\"og:image:width\" content=\"1080\" \/>\n\t<meta property=\"og:image:height\" content=\"1080\" \/>\n\t<meta property=\"og:image:type\" content=\"image\/jpeg\" \/>\n<meta name=\"twitter:card\" content=\"summary_large_image\" \/>\n<meta name=\"twitter:label1\" content=\"Est. reading time\" \/>\n\t<meta name=\"twitter:data1\" content=\"1 minute\" \/>\n<script type=\"application\/ld+json\" class=\"yoast-schema-graph\">{\"@context\":\"https:\/\/schema.org\",\"@graph\":[{\"@type\":\"WebPage\",\"@id\":\"https:\/\/www.suzuki.ca\/fr\/produit\/casquette-suzuki-hayabusa-noir-standard\/\",\"url\":\"https:\/\/www.suzuki.ca\/fr\/produit\/casquette-suzuki-hayabusa-noir-standard\/\",\"name\":\"Casquette Suzuki \u00ab Hayabusa \u00bb noir standard - Suzuki Canada Inc.\",\"isPartOf\":{\"@id\":\"https:\/\/www.suzuki.ca\/#website\"},\"primaryImageOfPage\":{\"@id\":\"https:\/\/www.suzuki.ca\/fr\/produit\/casquette-suzuki-hayabusa-noir-standard\/#primaryimage\"},\"image\":{\"@id\":\"https:\/\/www.suzuki.ca\/fr\/produit\/casquette-suzuki-hayabusa-noir-standard\/#primaryimage\"},\"thumbnailUrl\":\"https:\/\/www.suzuki.ca\/wp-content\/uploads\/99000-79NA1-2631.jpg\",\"datePublished\":\"2026-03-11T19:02:11+00:00\",\"dateModified\":\"2026-03-11T19:07:17+00:00\",\"description\":\"Light brushed cotton twill with fused buckram. Self closure velcro fabric. Deluxe quadruple-stitched sweatband.Serg\u00e9 de coton bross\u00e9 l\u00e9ger avec buckram fondu. Tissu velcro auto-fermeture. Bande de sueur quadruple stiched de luxe\",\"breadcrumb\":{\"@id\":\"https:\/\/www.suzuki.ca\/fr\/produit\/casquette-suzuki-hayabusa-noir-standard\/#breadcrumb\"},\"inLanguage\":\"fr-FR\",\"potentialAction\":[{\"@type\":\"ReadAction\",\"target\":[\"https:\/\/www.suzuki.ca\/fr\/produit\/casquette-suzuki-hayabusa-noir-standard\/\"]}]},{\"@type\":\"ImageObject\",\"inLanguage\":\"fr-FR\",\"@id\":\"https:\/\/www.suzuki.ca\/fr\/produit\/casquette-suzuki-hayabusa-noir-standard\/#primaryimage\",\"url\":\"https:\/\/www.suzuki.ca\/wp-content\/uploads\/99000-79NA1-2631.jpg\",\"contentUrl\":\"https:\/\/www.suzuki.ca\/wp-content\/uploads\/99000-79NA1-2631.jpg\",\"width\":1080,\"height\":1080,\"caption\":\"Suzuki_Hayabusa_Cap\"},{\"@type\":\"BreadcrumbList\",\"@id\":\"https:\/\/www.suzuki.ca\/fr\/produit\/casquette-suzuki-hayabusa-noir-standard\/#breadcrumb\",\"itemListElement\":[{\"@type\":\"ListItem\",\"position\":1,\"name\":\"Accueil\",\"item\":\"https:\/\/www.suzuki.ca\/fr\/\"},{\"@type\":\"ListItem\",\"position\":2,\"name\":\"Products\",\"item\":\"https:\/\/www.suzuki.ca\/shop\/\"},{\"@type\":\"ListItem\",\"position\":3,\"name\":\"Casquette Suzuki \u00ab Hayabusa \u00bb noir standard\"}]},{\"@type\":\"WebSite\",\"@id\":\"https:\/\/www.suzuki.ca\/#website\",\"url\":\"https:\/\/www.suzuki.ca\/\",\"name\":\"Suzuki Canada Inc.\",\"description\":\"The Official Home of Suzuki Canada Motorcycle, ATV, and Marine models and accessories.\",\"publisher\":{\"@id\":\"https:\/\/www.suzuki.ca\/#organization\"},\"potentialAction\":[{\"@type\":\"SearchAction\",\"target\":{\"@type\":\"EntryPoint\",\"urlTemplate\":\"https:\/\/www.suzuki.ca\/?s={search_term_string}\"},\"query-input\":{\"@type\":\"PropertyValueSpecification\",\"valueRequired\":true,\"valueName\":\"search_term_string\"}}],\"inLanguage\":\"fr-FR\"},{\"@type\":\"Organization\",\"@id\":\"https:\/\/www.suzuki.ca\/#organization\",\"name\":\"Suzuki Canada Inc.\",\"url\":\"https:\/\/www.suzuki.ca\/\",\"logo\":{\"@type\":\"ImageObject\",\"inLanguage\":\"fr-FR\",\"@id\":\"https:\/\/www.suzuki.ca\/#\/schema\/logo\/image\/\",\"url\":\"https:\/\/www.suzuki.ca\/wp-content\/uploads\/Suzuki_Logo_Parallelogram.svg\",\"contentUrl\":\"https:\/\/www.suzuki.ca\/wp-content\/uploads\/Suzuki_Logo_Parallelogram.svg\",\"caption\":\"Suzuki Canada Inc.\"},\"image\":{\"@id\":\"https:\/\/www.suzuki.ca\/#\/schema\/logo\/image\/\"}}]}<\/script>\n<!-- \/ Yoast SEO plugin. -->","yoast_head_json":{"title":"Casquette Suzuki \u00ab Hayabusa \u00bb noir standard - Suzuki Canada Inc.","description":"Light brushed cotton twill with fused buckram. Self closure velcro fabric. Deluxe quadruple-stitched sweatband.Serg\u00e9 de coton bross\u00e9 l\u00e9ger avec buckram fondu. Tissu velcro auto-fermeture. Bande de sueur quadruple stiched de luxe","robots":{"index":"index","follow":"follow","max-snippet":"max-snippet:-1","max-image-preview":"max-image-preview:large","max-video-preview":"max-video-preview:-1"},"canonical":"https:\/\/www.suzuki.ca\/fr\/produit\/casquette-suzuki-hayabusa-noir-standard\/","og_locale":"fr_FR","og_type":"article","og_title":"Casquette Suzuki \u00ab Hayabusa \u00bb noir standard - Suzuki Canada Inc.","og_description":"Light brushed cotton twill with fused buckram. Self closure velcro fabric. Deluxe quadruple-stitched sweatband.Serg\u00e9 de coton bross\u00e9 l\u00e9ger avec buckram fondu. Tissu velcro auto-fermeture. Bande de sueur quadruple stiched de luxe","og_url":"https:\/\/www.suzuki.ca\/fr\/produit\/casquette-suzuki-hayabusa-noir-standard\/","og_site_name":"Suzuki Canada Inc.","article_modified_time":"2026-03-11T19:07:17+00:00","og_image":[{"width":1080,"height":1080,"url":"https:\/\/www.suzuki.ca\/wp-content\/uploads\/99000-79NA1-2631.jpg","type":"image\/jpeg"}],"twitter_card":"summary_large_image","twitter_misc":{"Est. reading time":"1 minute"},"schema":{"@context":"https:\/\/schema.org","@graph":[{"@type":"WebPage","@id":"https:\/\/www.suzuki.ca\/fr\/produit\/casquette-suzuki-hayabusa-noir-standard\/","url":"https:\/\/www.suzuki.ca\/fr\/produit\/casquette-suzuki-hayabusa-noir-standard\/","name":"Casquette Suzuki \u00ab Hayabusa \u00bb noir standard - Suzuki Canada Inc.","isPartOf":{"@id":"https:\/\/www.suzuki.ca\/#website"},"primaryImageOfPage":{"@id":"https:\/\/www.suzuki.ca\/fr\/produit\/casquette-suzuki-hayabusa-noir-standard\/#primaryimage"},"image":{"@id":"https:\/\/www.suzuki.ca\/fr\/produit\/casquette-suzuki-hayabusa-noir-standard\/#primaryimage"},"thumbnailUrl":"https:\/\/www.suzuki.ca\/wp-content\/uploads\/99000-79NA1-2631.jpg","datePublished":"2026-03-11T19:02:11+00:00","dateModified":"2026-03-11T19:07:17+00:00","description":"Light brushed cotton twill with fused buckram. Self closure velcro fabric. Deluxe quadruple-stitched sweatband.Serg\u00e9 de coton bross\u00e9 l\u00e9ger avec buckram fondu. Tissu velcro auto-fermeture. Bande de sueur quadruple stiched de luxe","breadcrumb":{"@id":"https:\/\/www.suzuki.ca\/fr\/produit\/casquette-suzuki-hayabusa-noir-standard\/#breadcrumb"},"inLanguage":"fr-FR","potentialAction":[{"@type":"ReadAction","target":["https:\/\/www.suzuki.ca\/fr\/produit\/casquette-suzuki-hayabusa-noir-standard\/"]}]},{"@type":"ImageObject","inLanguage":"fr-FR","@id":"https:\/\/www.suzuki.ca\/fr\/produit\/casquette-suzuki-hayabusa-noir-standard\/#primaryimage","url":"https:\/\/www.suzuki.ca\/wp-content\/uploads\/99000-79NA1-2631.jpg","contentUrl":"https:\/\/www.suzuki.ca\/wp-content\/uploads\/99000-79NA1-2631.jpg","width":1080,"height":1080,"caption":"Suzuki_Hayabusa_Cap"},{"@type":"BreadcrumbList","@id":"https:\/\/www.suzuki.ca\/fr\/produit\/casquette-suzuki-hayabusa-noir-standard\/#breadcrumb","itemListElement":[{"@type":"ListItem","position":1,"name":"Accueil","item":"https:\/\/www.suzuki.ca\/fr\/"},{"@type":"ListItem","position":2,"name":"Products","item":"https:\/\/www.suzuki.ca\/shop\/"},{"@type":"ListItem","position":3,"name":"Casquette Suzuki \u00ab Hayabusa \u00bb noir standard"}]},{"@type":"WebSite","@id":"https:\/\/www.suzuki.ca\/#website","url":"https:\/\/www.suzuki.ca\/","name":"Suzuki Canada Inc.","description":"The Official Home of Suzuki Canada Motorcycle, ATV, and Marine models and accessories.","publisher":{"@id":"https:\/\/www.suzuki.ca\/#organization"},"potentialAction":[{"@type":"SearchAction","target":{"@type":"EntryPoint","urlTemplate":"https:\/\/www.suzuki.ca\/?s={search_term_string}"},"query-input":{"@type":"PropertyValueSpecification","valueRequired":true,"valueName":"search_term_string"}}],"inLanguage":"fr-FR"},{"@type":"Organization","@id":"https:\/\/www.suzuki.ca\/#organization","name":"Suzuki Canada Inc.","url":"https:\/\/www.suzuki.ca\/","logo":{"@type":"ImageObject","inLanguage":"fr-FR","@id":"https:\/\/www.suzuki.ca\/#\/schema\/logo\/image\/","url":"https:\/\/www.suzuki.ca\/wp-content\/uploads\/Suzuki_Logo_Parallelogram.svg","contentUrl":"https:\/\/www.suzuki.ca\/wp-content\/uploads\/Suzuki_Logo_Parallelogram.svg","caption":"Suzuki Canada Inc."},"image":{"@id":"https:\/\/www.suzuki.ca\/#\/schema\/logo\/image\/"}}]}},"_links":{"self":[{"href":"https:\/\/www.suzuki.ca\/fr\/wp-json\/wp\/v2\/product\/66845","targetHints":{"allow":["GET"]}}],"collection":[{"href":"https:\/\/www.suzuki.ca\/fr\/wp-json\/wp\/v2\/product"}],"about":[{"href":"https:\/\/www.suzuki.ca\/fr\/wp-json\/wp\/v2\/types\/product"}],"wp:featuredmedia":[{"embeddable":true,"href":"https:\/\/www.suzuki.ca\/fr\/wp-json\/wp\/v2\/media\/66847"}],"wp:attachment":[{"href":"https:\/\/www.suzuki.ca\/fr\/wp-json\/wp\/v2\/media?parent=66845"}],"wp:term":[{"taxonomy":"product_brand","embeddable":true,"href":"https:\/\/www.suzuki.ca\/fr\/wp-json\/wp\/v2\/product_brand?post=66845"},{"taxonomy":"product_cat","embeddable":true,"href":"https:\/\/www.suzuki.ca\/fr\/wp-json\/wp\/v2\/product_cat?post=66845"},{"taxonomy":"product_tag","embeddable":true,"href":"https:\/\/www.suzuki.ca\/fr\/wp-json\/wp\/v2\/product_tag?post=66845"}],"curies":[{"name":"wp","href":"https:\/\/api.w.org\/{rel}","templated":true}]}}